{"id":609,"date":"2025-05-08T14:14:36","date_gmt":"2025-05-08T14:14:36","guid":{"rendered":"https:\/\/brasiladentro.org.br\/?page_id=609"},"modified":"2025-05-08T14:24:22","modified_gmt":"2025-05-08T14:24:22","slug":"acao-de-fortalecimento-do-vinculo-escola-familia-na-comunidade-duplicate-274","status":"publish","type":"page","link":"https:\/\/brasiladentro.org.br\/index.php\/acao-de-fortalecimento-do-vinculo-escola-familia-na-comunidade-duplicate-274\/","title":{"rendered":"Juninho Berlanda e Instituto Brasil Adentro firmam parceria para projetos sociais ligados ao automobilismo"},"content":{"rendered":"\t\t<div data-elementor-type=\"wp-page\" data-elementor-id=\"609\" class=\"elementor elementor-609\">\n\t\t\t\t<div class=\"elementor-element elementor-element-70de1296 e-flex e-con-boxed e-con e-parent\" data-id=\"70de1296\" data-element_type=\"container\" data-settings=\"{&quot;background_background&quot;:&quot;classic&quot;,&quot;shape_divider_bottom&quot;:&quot;mountains&quot;}\">\n\t\t\t\t\t<div class=\"e-con-inner\">\n\t\t\t\t<div class=\"elementor-shape elementor-shape-bottom\" data-negative=\"false\">\n\t\t\t<svg xmlns=\"http:\/\/www.w3.org\/2000\/svg\" viewBox=\"0 0 1000 100\" preserveAspectRatio=\"none\">\n\t<path class=\"elementor-shape-fill\" opacity=\"0.33\" d=\"M473,67.3c-203.9,88.3-263.1-34-320.3,0C66,119.1,0,59.7,0,59.7V0h1000v59.7 c0,0-62.1,26.1-94.9,29.3c-32.8,3.3-62.8-12.3-75.8-22.1C806,49.6,745.3,8.7,694.9,4.7S492.4,59,473,67.3z\"\/>\n\t<path class=\"elementor-shape-fill\" opacity=\"0.66\" d=\"M734,67.3c-45.5,0-77.2-23.2-129.1-39.1c-28.6-8.7-150.3-10.1-254,39.1 s-91.7-34.4-149.2,0C115.7,118.3,0,39.8,0,39.8V0h1000v36.5c0,0-28.2-18.5-92.1-18.5C810.2,18.1,775.7,67.3,734,67.3z\"\/>\n\t<path class=\"elementor-shape-fill\" d=\"M766.1,28.9c-200-57.5-266,65.5-395.1,19.5C242,1.8,242,5.4,184.8,20.6C128,35.8,132.3,44.9,89.9,52.5C28.6,63.7,0,0,0,0 h1000c0,0-9.9,40.9-83.6,48.1S829.6,47,766.1,28.9z\"\/>\n<\/svg>\t\t<\/div>\n\t\t\t\t<div class=\"elementor-element elementor-element-e61854f elementor-widget elementor-widget-heading\" data-id=\"e61854f\" data-element_type=\"widget\" data-widget_type=\"heading.default\">\n\t\t\t\t<div class=\"elementor-widget-container\">\n\t\t\t<h2 class=\"elementor-heading-title elementor-size-default\">Juninho Berlanda<\/h2>\t\t<\/div>\n\t\t\t\t<\/div>\n\t\t\t\t\t<\/div>\n\t\t\t\t<\/div>\n\t\t<div class=\"elementor-element elementor-element-cfde294 e-flex e-con-boxed e-con e-parent\" data-id=\"cfde294\" data-element_type=\"container\">\n\t\t\t\t\t<div class=\"e-con-inner\">\n\t\t<div class=\"elementor-element elementor-element-30cddbe e-con-full e-flex e-con e-child\" data-id=\"30cddbe\" data-element_type=\"container\">\n\t\t\t\t<div class=\"elementor-element elementor-element-40019ac elementor-widget elementor-widget-image\" data-id=\"40019ac\" data-element_type=\"widget\" data-widget_type=\"image.default\">\n\t\t\t\t<div class=\"elementor-widget-container\">\n\t\t\t\t\t\t\t\t\t\t\t\t\t<img fetchpriority=\"high\" decoding=\"async\" width=\"800\" height=\"864\" src=\"https:\/\/brasiladentro.org.br\/wp-content\/uploads\/2025\/05\/Juninho-Berlanda-948x1024.webp\" class=\"attachment-large size-large wp-image-613\" alt=\"\" srcset=\"https:\/\/brasiladentro.org.br\/wp-content\/uploads\/2025\/05\/Juninho-Berlanda-948x1024.webp 948w, https:\/\/brasiladentro.org.br\/wp-content\/uploads\/2025\/05\/Juninho-Berlanda-278x300.webp 278w, https:\/\/brasiladentro.org.br\/wp-content\/uploads\/2025\/05\/Juninho-Berlanda-768x829.webp 768w, https:\/\/brasiladentro.org.br\/wp-content\/uploads\/2025\/05\/Juninho-Berlanda.webp 1200w\" sizes=\"(max-width: 800px) 100vw, 800px\" \/>\t\t\t\t\t\t\t\t\t\t\t\t\t<\/div>\n\t\t\t\t<\/div>\n\t\t\t\t<\/div>\n\t\t<div class=\"elementor-element elementor-element-e2182c3 e-con-full e-flex e-con e-child\" data-id=\"e2182c3\" data-element_type=\"container\">\n\t\t\t\t<div class=\"elementor-element elementor-element-c919ccd elementor-widget elementor-widget-text-editor\" data-id=\"c919ccd\" data-element_type=\"widget\" data-widget_type=\"text-editor.default\">\n\t\t\t\t<div class=\"elementor-widget-container\">\n\t\t\t\t\t\t\t<p>Juninho Berlanda e Instituto Brasil Adentro firmam parceria para projetos sociais ligados ao automobilismo<\/p><p>O Instituto Brasil Adentro, organiza\u00e7\u00e3o da sociedade civil reconhecida por seu trabalho social nas \u00e1reas de educa\u00e7\u00e3o, esporte e inclus\u00e3o, anuncia com entusiasmo a nova parceria firmada com o piloto Juninho Berlanda para a temporada 2025 da Stock Car Light.<\/p><p>A colabora\u00e7\u00e3o entre o Instituto Brasil Adentro e Juninho Berlanda tem como foco principal o desenvolvimento de projetos sociais que promovam o acesso de crian\u00e7as e adolescentes de comunidades em vulnerabilidade social ao universo do automobilismo. A iniciativa visa descobrir e formar novos talentos, oferecendo oportunidades de inclus\u00e3o e transforma\u00e7\u00e3o social por meio do esporte.<\/p><p>Ao longo da temporada 2025, o Instituto Brasil Adentro estar\u00e1 presente como parceiro oficial do piloto, com sua marca estampada no carro e no uniforme de Juninho Berlanda. Al\u00e9m disso, a parceria prev\u00ea a realiza\u00e7\u00e3o de a\u00e7\u00f5es educativas e esportivas, como cl\u00ednicas de pilotagem, palestras motivacionais e visitas t\u00e9cnicas a eventos do calend\u00e1rio oficial da Stock Car Light, sempre buscando incentivar a forma\u00e7\u00e3o de futuros pilotos.<\/p>\t\t\t\t\t\t<\/div>\n\t\t\t\t<\/div>\n\t\t\t\t<\/div>\n\t\t\t\t\t<\/div>\n\t\t\t\t<\/div>\n\t\t<div class=\"elementor-element elementor-element-2c906f2 e-flex e-con-boxed e-con e-parent\" data-id=\"2c906f2\" data-element_type=\"container\">\n\t\t\t\t\t<div class=\"e-con-inner\">\n\t\t\t\t<div class=\"elementor-element elementor-element-b94fcac premium-testimonial__skin1 elementor-widget elementor-widget-premium-addon-testimonials\" data-id=\"b94fcac\" data-element_type=\"widget\" data-settings=\"{&quot;skin&quot;:&quot;skin1&quot;,&quot;img_position&quot;:&quot;relative&quot;}\" data-widget_type=\"premium-addon-testimonials.default\">\n\t\t\t\t<div class=\"elementor-widget-container\">\n\t\t\t\r\n\t\t\r\n\t\t<div class=\"premium-testimonial-box\">\r\n\r\n\t\t\t\r\n\t\t\t\t<div class=\"premium-testimonial-container\">\r\n\r\n\t\t\t\t\t\t\t\t\t\t\t<div class=\"premium-testimonial-upper-quote\">\r\n\t\t\t\t\t\t\t<svg id=\"Layer_1\" class=\"premium-testimonial-quote\" xmlns=\"http:\/\/www.w3.org\/2000\/svg\" width=\"48\" height=\"37\" viewBox=\"0 0 48 37\"><path d=\"m37,37c6.07,0,11-4.93,11-11s-4.93-11-11-11c-.32,0-.63.02-.94.05.54-4.81,2.18-9.43,4.79-13.52.19-.31.2-.7.03-1.01-.18-.32-.51-.52-.88-.52h-2c-.27,0-.54.11-.73.31-5.14,5.41-11.27,14.26-11.27,25.69,0,6.07,4.93,10.99,11,11h0Zm-26,0c6.07,0,11-4.93,11-11s-4.93-11-11-11c-.32,0-.63.02-.94.05.54-4.81,2.18-9.43,4.79-13.52.19-.31.2-.7.03-1.01-.18-.32-.51-.52-.87-.52h-2c-.27,0-.54.11-.73.31C6.13,5.72,0,14.57,0,26c0,6.07,4.93,10.99,11,11h0Zm0,0\"\/><\/svg>\t\t\t\t\t\t<\/div>\r\n\t\t\t\t\t\r\n\t\t\t\t\t<div class=\"premium-testimonial-content-wrapper\">\r\n\r\n\t\t\t\t\t\t\r\n\t\t\t\t\t\t<div class=\"premium-testimonial-text-wrapper\">\r\n\t\t\t\t\t\t\t<div >\r\n\t\t\t\t\t\t\t\t<p>Estou muito feliz em poder usar a minha experi\u00eancia para inspirar e apoiar jovens que sonham com uma carreira no automobilismo. A parceria com o Instituto Brasil Adentro \u00e9 uma oportunidade de retribuir tudo o que o esporte me proporcionou e ajudar a construir novos caminhos para as pr\u00f3ximas gera\u00e7\u00f5es.<\/p>\t\t\t\t\t\t\t<\/div>\r\n\t\t\t\t\t\t<\/div>\r\n\r\n\t\t\t\t\t\t\r\n\t\t\t\t\t\t\r\n\r\n\t\t\t\t\t\t\t\t\t\t\t\t\t\t\t<div class=\"premium-testimonial-img-wrapper\">\r\n\t\t\t\t\t\t\t\t\t<img decoding=\"async\" src=\"https:\/\/brasiladentro.org.br\/wp-content\/plugins\/elementor\/assets\/images\/placeholder.png\" alt=\"\" class=\"premium-testimonial-person-image\">\r\n\t\t\t\t\t\t\t\t<\/div>\r\n\t\t\t\t\t\t\t\r\n\r\n\t\t\t\t\t\t\t<div class=\"premium-testimonial-author-info\">\r\n\t\t\t\t\t\t\t\t<h3 class=\"premium-testimonial-person-name\">\r\n\t\t\t\t\t\t\t\t\t<span >\r\n\t\t\t\t\t\t\t\t\t\tJuninho Berlanda\u200b\t\t\t\t\t\t\t\t\t<\/span>\r\n\t\t\t\t\t\t\t\t<\/h3>\r\n\r\n\t\t\t\t\t\t\t\t\t\t\t\t\t\t\t<\/div>\r\n\r\n\t\t\t\t\t\t\r\n\t\t\t\t\t<\/div>\r\n\r\n\t\t\t\t\t\t\t\t\t\t\t<div class=\"premium-testimonial-lower-quote\">\r\n\t\t\t\t\t\t\t<svg id=\"Layer_1\" class=\"premium-testimonial-quote\" xmlns=\"http:\/\/www.w3.org\/2000\/svg\" width=\"48\" height=\"37\" viewBox=\"0 0 48 37\"><path d=\"m37,37c6.07,0,11-4.93,11-11s-4.93-11-11-11c-.32,0-.63.02-.94.05.54-4.81,2.18-9.43,4.79-13.52.19-.31.2-.7.03-1.01-.18-.32-.51-.52-.88-.52h-2c-.27,0-.54.11-.73.31-5.14,5.41-11.27,14.26-11.27,25.69,0,6.07,4.93,10.99,11,11h0Zm-26,0c6.07,0,11-4.93,11-11s-4.93-11-11-11c-.32,0-.63.02-.94.05.54-4.81,2.18-9.43,4.79-13.52.19-.31.2-.7.03-1.01-.18-.32-.51-.52-.87-.52h-2c-.27,0-.54.11-.73.31C6.13,5.72,0,14.57,0,26c0,6.07,4.93,10.99,11,11h0Zm0,0\"\/><\/svg>\t\t\t\t\t\t<\/div>\r\n\t\t\t\t\t\t\t\t\t<\/div>\r\n\r\n\t\t\t\r\n\r\n\t\t<\/div>\r\n\t\t\t\t<\/div>\n\t\t\t\t<\/div>\n\t\t\t\t\t<\/div>\n\t\t\t\t<\/div>\n\t\t<div class=\"elementor-element elementor-element-1fedb95a e-flex e-con-boxed e-con e-parent\" data-id=\"1fedb95a\" data-element_type=\"container\">\n\t\t\t\t\t<div class=\"e-con-inner\">\n\t\t\t\t<div class=\"elementor-element elementor-element-ff66e66 elementor-widget elementor-widget-text-editor\" data-id=\"ff66e66\" data-element_type=\"widget\" data-widget_type=\"text-editor.default\">\n\t\t\t\t<div class=\"elementor-widget-container\">\n\t\t\t\t\t\t\t<p>\u00a0<\/p><p>Para o Instituto Brasil Adentro, a parceria representa mais um passo no fortalecimento do seu compromisso com a transforma\u00e7\u00e3o social por meio do esporte. &#8220;Contar com a trajet\u00f3ria e a dedica\u00e7\u00e3o de Juninho Berlanda \u00e9 um privil\u00e9gio para nossos projetos. Essa uni\u00e3o refor\u00e7a nosso prop\u00f3sito de criar oportunidades e incentivar talentos em todo o pa\u00eds&#8221;, afirmou a dire\u00e7\u00e3o do Instituto.<\/p><p><strong>A parceria entre o Instituto Brasil Adentro e Juninho Berlanda marca o in\u00edcio de uma nova etapa, onde paix\u00e3o, solidariedade e velocidade se unem para transformar sonhos em realidade.<\/strong><\/p><p>Mais informa\u00e7\u00f5es:<br \/>Assessoria de Comunica\u00e7\u00e3o \u2014 Instituto Brasil Adentro<br \/>E-mail:<a href=\"mailto:contato@institutobrasiladentro.org\"> contato@institutobrasiladentro.org<\/a><br \/>Instagram: @juninhoberlanda<br \/>Site: <a href=\"http:\/\/www.institutobrasiladentro.org\">www.institutobrasiladentro.org<\/a><\/p>\t\t\t\t\t\t<\/div>\n\t\t\t\t<\/div>\n\t\t\t\t\t<\/div>\n\t\t\t\t<\/div>\n\t\t<div class=\"elementor-element elementor-element-15eb7679 e-flex e-con-boxed e-con e-parent\" data-id=\"15eb7679\" data-element_type=\"container\">\n\t\t\t\t\t<div class=\"e-con-inner\">\n\t\t<div class=\"elementor-element elementor-element-7f1ae924 e-con-full e-flex e-con e-child\" data-id=\"7f1ae924\" data-element_type=\"container\">\n\t\t\t\t<\/div>\n\t\t<div class=\"elementor-element elementor-element-623f6970 e-con-full e-flex e-con e-child\" data-id=\"623f6970\" data-element_type=\"container\">\n\t\t\t\t<\/div>\n\t\t\t\t\t<\/div>\n\t\t\t\t<\/div>\n\t\t\t\t<\/div>\n\t\t","protected":false},"excerpt":{"rendered":"<p>Juninho Berlanda Juninho Berlanda e Instituto Brasil Adentro firmam parceria para projetos sociais ligados ao automobilismo O Instituto Brasil Adentro, organiza\u00e7\u00e3o da sociedade civil reconhecida por seu trabalho social nas \u00e1reas de educa\u00e7\u00e3o, esporte e inclus\u00e3o, anuncia com entusiasmo a nova parceria firmada com o piloto Juninho Berlanda para a temporada 2025 da Stock Car [&hellip;]<\/p>\n","protected":false},"author":1,"featured_media":617,"parent":0,"menu_order":0,"comment_status":"closed","ping_status":"closed","template":"","meta":{"footnotes":""},"class_list":["post-609","page","type-page","status-publish","has-post-thumbnail","hentry"],"_links":{"self":[{"href":"https:\/\/brasiladentro.org.br\/index.php\/wp-json\/wp\/v2\/pages\/609","targetHints":{"allow":["GET"]}}],"collection":[{"href":"https:\/\/brasiladentro.org.br\/index.php\/wp-json\/wp\/v2\/pages"}],"about":[{"href":"https:\/\/brasiladentro.org.br\/index.php\/wp-json\/wp\/v2\/types\/page"}],"author":[{"embeddable":true,"href":"https:\/\/brasiladentro.org.br\/index.php\/wp-json\/wp\/v2\/users\/1"}],"replies":[{"embeddable":true,"href":"https:\/\/brasiladentro.org.br\/index.php\/wp-json\/wp\/v2\/comments?post=609"}],"version-history":[{"count":6,"href":"https:\/\/brasiladentro.org.br\/index.php\/wp-json\/wp\/v2\/pages\/609\/revisions"}],"predecessor-version":[{"id":620,"href":"https:\/\/brasiladentro.org.br\/index.php\/wp-json\/wp\/v2\/pages\/609\/revisions\/620"}],"wp:featuredmedia":[{"embeddable":true,"href":"https:\/\/brasiladentro.org.br\/index.php\/wp-json\/wp\/v2\/media\/617"}],"wp:attachment":[{"href":"https:\/\/brasiladentro.org.br\/index.php\/wp-json\/wp\/v2\/media?parent=609"}],"curies":[{"name":"wp","href":"https:\/\/api.w.org\/{rel}","templated":true}]}}