{"id":479,"date":"2024-11-02T04:52:17","date_gmt":"2024-11-02T04:52:17","guid":{"rendered":"https:\/\/brasiladentro.org.br\/?page_id=479"},"modified":"2024-11-02T05:04:11","modified_gmt":"2024-11-02T05:04:11","slug":"projeto-verao-vivo-record","status":"publish","type":"page","link":"https:\/\/brasiladentro.org.br\/index.php\/projeto-verao-vivo-record\/","title":{"rendered":"Projeto Dan\u00e7a nas Cidades"},"content":{"rendered":"\t\t<div data-elementor-type=\"wp-page\" data-elementor-id=\"479\" class=\"elementor elementor-479\">\n\t\t\t\t<div class=\"elementor-element elementor-element-3fefa648 e-flex e-con-boxed e-con e-parent\" data-id=\"3fefa648\" data-element_type=\"container\" data-settings=\"{&quot;background_background&quot;:&quot;classic&quot;,&quot;shape_divider_bottom&quot;:&quot;mountains&quot;}\">\n\t\t\t\t\t<div class=\"e-con-inner\">\n\t\t\t\t<div class=\"elementor-shape elementor-shape-bottom\" data-negative=\"false\">\n\t\t\t<svg xmlns=\"http:\/\/www.w3.org\/2000\/svg\" viewBox=\"0 0 1000 100\" preserveAspectRatio=\"none\">\n\t<path class=\"elementor-shape-fill\" opacity=\"0.33\" d=\"M473,67.3c-203.9,88.3-263.1-34-320.3,0C66,119.1,0,59.7,0,59.7V0h1000v59.7 c0,0-62.1,26.1-94.9,29.3c-32.8,3.3-62.8-12.3-75.8-22.1C806,49.6,745.3,8.7,694.9,4.7S492.4,59,473,67.3z\"\/>\n\t<path class=\"elementor-shape-fill\" opacity=\"0.66\" d=\"M734,67.3c-45.5,0-77.2-23.2-129.1-39.1c-28.6-8.7-150.3-10.1-254,39.1 s-91.7-34.4-149.2,0C115.7,118.3,0,39.8,0,39.8V0h1000v36.5c0,0-28.2-18.5-92.1-18.5C810.2,18.1,775.7,67.3,734,67.3z\"\/>\n\t<path class=\"elementor-shape-fill\" d=\"M766.1,28.9c-200-57.5-266,65.5-395.1,19.5C242,1.8,242,5.4,184.8,20.6C128,35.8,132.3,44.9,89.9,52.5C28.6,63.7,0,0,0,0 h1000c0,0-9.9,40.9-83.6,48.1S829.6,47,766.1,28.9z\"\/>\n<\/svg>\t\t<\/div>\n\t\t\t\t<div class=\"elementor-element elementor-element-49e7674d elementor-widget elementor-widget-heading\" data-id=\"49e7674d\" data-element_type=\"widget\" data-widget_type=\"heading.default\">\n\t\t\t\t<div class=\"elementor-widget-container\">\n\t\t\t<h2 class=\"elementor-heading-title elementor-size-default\">Projeto Dan\u00e7a nas Cidades<\/h2>\t\t<\/div>\n\t\t\t\t<\/div>\n\t\t\t\t<div class=\"elementor-element elementor-element-2d8e7a5a elementor-widget elementor-widget-heading\" data-id=\"2d8e7a5a\" data-element_type=\"widget\" data-widget_type=\"heading.default\">\n\t\t\t\t<div class=\"elementor-widget-container\">\n\t\t\t<h2 class=\"elementor-heading-title elementor-size-default\">2008<\/h2>\t\t<\/div>\n\t\t\t\t<\/div>\n\t\t\t\t\t<\/div>\n\t\t\t\t<\/div>\n\t\t<div class=\"elementor-element elementor-element-77819821 e-flex e-con-boxed e-con e-parent\" data-id=\"77819821\" data-element_type=\"container\">\n\t\t\t\t\t<div class=\"e-con-inner\">\n\t\t\t\t<div class=\"elementor-element elementor-element-625e20dc elementor-widget elementor-widget-text-editor\" data-id=\"625e20dc\" data-element_type=\"widget\" data-widget_type=\"text-editor.default\">\n\t\t\t\t<div class=\"elementor-widget-container\">\n\t\t\t\t\t\t\t<p>O Instituto Brasil Adentro coordenou a execu\u00e7\u00e3o integral do Projeto Dan\u00e7a nas Cidades realizado em 8 cidades sat\u00e9lites do Distrito Federal, com um per\u00edodo de 4 dias em cada local. O evento teve uma participa\u00e7\u00e3o m\u00e9dia de 8.000 pessoas por cidade e contou com a presen\u00e7a de mais de 90 grupos de dan\u00e7a, al\u00e9m de bandas e DJs locais.<br \/>O projeto incluiu etapas classificat\u00f3rias, com avalia\u00e7\u00f5es feitas por jurados especializados, e competi\u00e7\u00f5es em diversos estilos, como Street Dance, Jazz, Bal\u00e9 Cl\u00e1ssico e Free Style. O Instituto foi respons\u00e1vel por todas as fases do evento, desde a mobiliza\u00e7\u00e3o do p\u00fablico e gest\u00e3o organizacional at\u00e9 a divulga\u00e7\u00e3o estrat\u00e9gica e a execu\u00e7\u00e3o t\u00e9cnica da montagem e desmontagem da infraestrutura.<br \/>Esse n\u00edvel abrangente de organiza\u00e7\u00e3o e execu\u00e7\u00e3o t\u00e9cnica garantiu o sucesso do projeto, proporcionando uma experi\u00eancia de alta qualidade tanto para os participantes quanto para o p\u00fablico. A capacidade do Instituto de gerenciar eventos complexos e de grande porte foi amplamente demonstrada, refletindo sua habilidade em entregar eventos bem-sucedidos e de alto impacto.<\/p>\t\t\t\t\t\t<\/div>\n\t\t\t\t<\/div>\n\t\t\t\t\t<\/div>\n\t\t\t\t<\/div>\n\t\t<div class=\"elementor-element elementor-element-7c742e37 e-flex e-con-boxed e-con e-parent\" data-id=\"7c742e37\" data-element_type=\"container\">\n\t\t\t\t\t<div class=\"e-con-inner\">\n\t\t<div class=\"elementor-element elementor-element-5e4a8aed e-con-full e-flex e-con e-child\" data-id=\"5e4a8aed\" data-element_type=\"container\">\n\t\t\t\t<div class=\"elementor-element elementor-element-1c00ac07 elementor-widget elementor-widget-image\" data-id=\"1c00ac07\" data-element_type=\"widget\" data-widget_type=\"image.default\">\n\t\t\t\t<div class=\"elementor-widget-container\">\n\t\t\t\t\t\t\t\t\t\t\t\t\t<img fetchpriority=\"high\" decoding=\"async\" width=\"434\" height=\"315\" src=\"https:\/\/brasiladentro.org.br\/wp-content\/uploads\/2024\/11\/DANCA-NAS-ruas-2.png\" class=\"attachment-large size-large wp-image-507\" alt=\"\" srcset=\"https:\/\/brasiladentro.org.br\/wp-content\/uploads\/2024\/11\/DANCA-NAS-ruas-2.png 434w, https:\/\/brasiladentro.org.br\/wp-content\/uploads\/2024\/11\/DANCA-NAS-ruas-2-300x218.png 300w\" sizes=\"(max-width: 434px) 100vw, 434px\" \/>\t\t\t\t\t\t\t\t\t\t\t\t\t<\/div>\n\t\t\t\t<\/div>\n\t\t\t\t<\/div>\n\t\t<div class=\"elementor-element elementor-element-29164bc3 e-con-full e-flex e-con e-child\" data-id=\"29164bc3\" data-element_type=\"container\">\n\t\t\t\t<div class=\"elementor-element elementor-element-279b93ba elementor-widget elementor-widget-image\" data-id=\"279b93ba\" data-element_type=\"widget\" data-widget_type=\"image.default\">\n\t\t\t\t<div class=\"elementor-widget-container\">\n\t\t\t\t\t\t\t\t\t\t\t\t\t<img decoding=\"async\" width=\"434\" height=\"315\" src=\"https:\/\/brasiladentro.org.br\/wp-content\/uploads\/2024\/11\/DANCA-NAS-ruas.png\" class=\"attachment-large size-large wp-image-508\" alt=\"\" srcset=\"https:\/\/brasiladentro.org.br\/wp-content\/uploads\/2024\/11\/DANCA-NAS-ruas.png 434w, https:\/\/brasiladentro.org.br\/wp-content\/uploads\/2024\/11\/DANCA-NAS-ruas-300x218.png 300w\" sizes=\"(max-width: 434px) 100vw, 434px\" \/>\t\t\t\t\t\t\t\t\t\t\t\t\t<\/div>\n\t\t\t\t<\/div>\n\t\t\t\t<\/div>\n\t\t\t\t\t<\/div>\n\t\t\t\t<\/div>\n\t\t\t\t<\/div>\n\t\t","protected":false},"excerpt":{"rendered":"<p>2008 O Instituto Brasil Adentro coordenou a execu\u00e7\u00e3o integral do Projeto Dan\u00e7a nas Cidades realizado em 8 cidades sat\u00e9lites do Distrito Federal, com um per\u00edodo de 4 dias em cada local. O evento teve uma participa\u00e7\u00e3o m\u00e9dia de 8.000 pessoas por cidade e contou com a presen\u00e7a de mais de 90 grupos de dan\u00e7a, al\u00e9m [&hellip;]<\/p>\n","protected":false},"author":1,"featured_media":507,"parent":0,"menu_order":0,"comment_status":"closed","ping_status":"closed","template":"","meta":{"footnotes":""},"class_list":["post-479","page","type-page","status-publish","has-post-thumbnail","hentry"],"_links":{"self":[{"href":"https:\/\/brasiladentro.org.br\/index.php\/wp-json\/wp\/v2\/pages\/479","targetHints":{"allow":["GET"]}}],"collection":[{"href":"https:\/\/brasiladentro.org.br\/index.php\/wp-json\/wp\/v2\/pages"}],"about":[{"href":"https:\/\/brasiladentro.org.br\/index.php\/wp-json\/wp\/v2\/types\/page"}],"author":[{"embeddable":true,"href":"https:\/\/brasiladentro.org.br\/index.php\/wp-json\/wp\/v2\/users\/1"}],"replies":[{"embeddable":true,"href":"https:\/\/brasiladentro.org.br\/index.php\/wp-json\/wp\/v2\/comments?post=479"}],"version-history":[{"count":9,"href":"https:\/\/brasiladentro.org.br\/index.php\/wp-json\/wp\/v2\/pages\/479\/revisions"}],"predecessor-version":[{"id":533,"href":"https:\/\/brasiladentro.org.br\/index.php\/wp-json\/wp\/v2\/pages\/479\/revisions\/533"}],"wp:featuredmedia":[{"embeddable":true,"href":"https:\/\/brasiladentro.org.br\/index.php\/wp-json\/wp\/v2\/media\/507"}],"wp:attachment":[{"href":"https:\/\/brasiladentro.org.br\/index.php\/wp-json\/wp\/v2\/media?parent=479"}],"curies":[{"name":"wp","href":"https:\/\/api.w.org\/{rel}","templated":true}]}}