{"id":478,"date":"2024-11-02T04:52:13","date_gmt":"2024-11-02T04:52:13","guid":{"rendered":"https:\/\/brasiladentro.org.br\/?page_id=478"},"modified":"2024-11-02T05:14:50","modified_gmt":"2024-11-02T05:14:50","slug":"projeto-danca-nas-cidades","status":"publish","type":"page","link":"https:\/\/brasiladentro.org.br\/index.php\/projeto-danca-nas-cidades\/","title":{"rendered":"Corrida de Reis Mirim e Reizinho nas Escolas do DF"},"content":{"rendered":"\t\t<div data-elementor-type=\"wp-page\" data-elementor-id=\"478\" class=\"elementor elementor-478\">\n\t\t\t\t<div class=\"elementor-element elementor-element-3fefa648 e-flex e-con-boxed e-con e-parent\" data-id=\"3fefa648\" data-element_type=\"container\" data-settings=\"{&quot;background_background&quot;:&quot;classic&quot;,&quot;shape_divider_bottom&quot;:&quot;mountains&quot;}\">\n\t\t\t\t\t<div class=\"e-con-inner\">\n\t\t\t\t<div class=\"elementor-shape elementor-shape-bottom\" data-negative=\"false\">\n\t\t\t<svg xmlns=\"http:\/\/www.w3.org\/2000\/svg\" viewBox=\"0 0 1000 100\" preserveAspectRatio=\"none\">\n\t<path class=\"elementor-shape-fill\" opacity=\"0.33\" d=\"M473,67.3c-203.9,88.3-263.1-34-320.3,0C66,119.1,0,59.7,0,59.7V0h1000v59.7 c0,0-62.1,26.1-94.9,29.3c-32.8,3.3-62.8-12.3-75.8-22.1C806,49.6,745.3,8.7,694.9,4.7S492.4,59,473,67.3z\"\/>\n\t<path class=\"elementor-shape-fill\" opacity=\"0.66\" d=\"M734,67.3c-45.5,0-77.2-23.2-129.1-39.1c-28.6-8.7-150.3-10.1-254,39.1 s-91.7-34.4-149.2,0C115.7,118.3,0,39.8,0,39.8V0h1000v36.5c0,0-28.2-18.5-92.1-18.5C810.2,18.1,775.7,67.3,734,67.3z\"\/>\n\t<path class=\"elementor-shape-fill\" d=\"M766.1,28.9c-200-57.5-266,65.5-395.1,19.5C242,1.8,242,5.4,184.8,20.6C128,35.8,132.3,44.9,89.9,52.5C28.6,63.7,0,0,0,0 h1000c0,0-9.9,40.9-83.6,48.1S829.6,47,766.1,28.9z\"\/>\n<\/svg>\t\t<\/div>\n\t\t\t\t<div class=\"elementor-element elementor-element-49e7674d elementor-widget elementor-widget-heading\" data-id=\"49e7674d\" data-element_type=\"widget\" data-widget_type=\"heading.default\">\n\t\t\t\t<div class=\"elementor-widget-container\">\n\t\t\t<h2 class=\"elementor-heading-title elementor-size-default\">Corrida de Reis Mirim e Reizinho nas Escolas do DF<\/h2>\t\t<\/div>\n\t\t\t\t<\/div>\n\t\t\t\t<div class=\"elementor-element elementor-element-2d8e7a5a elementor-widget elementor-widget-heading\" data-id=\"2d8e7a5a\" data-element_type=\"widget\" data-widget_type=\"heading.default\">\n\t\t\t\t<div class=\"elementor-widget-container\">\n\t\t\t<h2 class=\"elementor-heading-title elementor-size-default\">2007 a 2010<\/h2>\t\t<\/div>\n\t\t\t\t<\/div>\n\t\t\t\t\t<\/div>\n\t\t\t\t<\/div>\n\t\t<div class=\"elementor-element elementor-element-6370462 e-flex e-con-boxed e-con e-parent\" data-id=\"6370462\" data-element_type=\"container\">\n\t\t\t\t\t<div class=\"e-con-inner\">\n\t\t<div class=\"elementor-element elementor-element-bc54c71 e-con-full e-flex e-con e-child\" data-id=\"bc54c71\" data-element_type=\"container\">\n\t\t\t\t<div class=\"elementor-element elementor-element-625e20dc elementor-widget elementor-widget-text-editor\" data-id=\"625e20dc\" data-element_type=\"widget\" data-widget_type=\"text-editor.default\">\n\t\t\t\t<div class=\"elementor-widget-container\">\n\t\t\t\t\t\t\t<p>O <b>Instituto Brasil Adentro<\/b> foi respons\u00e1vel pela organiza\u00e7\u00e3o integral de quatro edi\u00e7\u00f5es da Corrida de Reis Mirim do Distrito Federal, realizada como um evento preparat\u00f3rio para a Corrida de Reis principal. Cada etapa atraiu uma participa\u00e7\u00e3o m\u00e9dia de <b>1.000 crian\u00e7as<\/b>, com idades variando de 8 a 14 anos. O<b> Instituto Brasil Adentro<\/b> gerenciou todas as etapas do evento, que inclu\u00edram a divulga\u00e7\u00e3o, o processo de inscri\u00e7\u00e3o, a organiza\u00e7\u00e3o log\u00edstica, a montagem e desmontagem da infraestrutura e a fiscaliza\u00e7\u00e3o t\u00e9cnica para garantir o sucesso das provas.<\/p>\n<p>Simultaneamente, o Instituto executou o Projeto Reizinho nas Escolas, que beneficiou mais de<b> 5.000 alunos<\/b> da rede p\u00fablica de ensino do <b>Distrito Federal<\/b>. Este projeto integrou atividades culturais e esportivas nas escolas p\u00fablicas, promovendo um ambiente de aprendizado enriquecedor e estimulante. As iniciativas oferecidas inclu\u00edram experi\u00eancias educacionais e recreativas, visando o engajamento dos estudantes e o desenvolvimento integral das suas habilidades.<\/p>\t\t\t\t\t\t<\/div>\n\t\t\t\t<\/div>\n\t\t\t\t<\/div>\n\t\t<div class=\"elementor-element elementor-element-872968b e-con-full e-flex e-con e-child\" data-id=\"872968b\" data-element_type=\"container\">\n\t\t\t\t<div class=\"elementor-element elementor-element-1c00ac07 elementor-widget elementor-widget-image\" data-id=\"1c00ac07\" data-element_type=\"widget\" data-widget_type=\"image.default\">\n\t\t\t\t<div class=\"elementor-widget-container\">\n\t\t\t\t\t\t\t\t\t\t\t\t\t<img fetchpriority=\"high\" decoding=\"async\" width=\"315\" height=\"434\" src=\"https:\/\/brasiladentro.org.br\/wp-content\/uploads\/2024\/11\/CORRIDA-DE-REIS-MIRIM.png\" class=\"attachment-large size-large wp-image-503\" alt=\"\" srcset=\"https:\/\/brasiladentro.org.br\/wp-content\/uploads\/2024\/11\/CORRIDA-DE-REIS-MIRIM.png 315w, https:\/\/brasiladentro.org.br\/wp-content\/uploads\/2024\/11\/CORRIDA-DE-REIS-MIRIM-218x300.png 218w\" sizes=\"(max-width: 315px) 100vw, 315px\" \/>\t\t\t\t\t\t\t\t\t\t\t\t\t<\/div>\n\t\t\t\t<\/div>\n\t\t\t\t<\/div>\n\t\t\t\t\t<\/div>\n\t\t\t\t<\/div>\n\t\t\t\t<\/div>\n\t\t","protected":false},"excerpt":{"rendered":"<p>2007 a 2010 O Instituto Brasil Adentro foi respons\u00e1vel pela organiza\u00e7\u00e3o integral de quatro edi\u00e7\u00f5es da Corrida de Reis Mirim do Distrito Federal, realizada como um evento preparat\u00f3rio para a Corrida de Reis principal. Cada etapa atraiu uma participa\u00e7\u00e3o m\u00e9dia de 1.000 crian\u00e7as, com idades variando de 8 a 14 anos. O Instituto Brasil Adentro [&hellip;]<\/p>\n","protected":false},"author":1,"featured_media":503,"parent":0,"menu_order":0,"comment_status":"closed","ping_status":"closed","template":"","meta":{"footnotes":""},"class_list":["post-478","page","type-page","status-publish","has-post-thumbnail","hentry"],"_links":{"self":[{"href":"https:\/\/brasiladentro.org.br\/index.php\/wp-json\/wp\/v2\/pages\/478","targetHints":{"allow":["GET"]}}],"collection":[{"href":"https:\/\/brasiladentro.org.br\/index.php\/wp-json\/wp\/v2\/pages"}],"about":[{"href":"https:\/\/brasiladentro.org.br\/index.php\/wp-json\/wp\/v2\/types\/page"}],"author":[{"embeddable":true,"href":"https:\/\/brasiladentro.org.br\/index.php\/wp-json\/wp\/v2\/users\/1"}],"replies":[{"embeddable":true,"href":"https:\/\/brasiladentro.org.br\/index.php\/wp-json\/wp\/v2\/comments?post=478"}],"version-history":[{"count":15,"href":"https:\/\/brasiladentro.org.br\/index.php\/wp-json\/wp\/v2\/pages\/478\/revisions"}],"predecessor-version":[{"id":561,"href":"https:\/\/brasiladentro.org.br\/index.php\/wp-json\/wp\/v2\/pages\/478\/revisions\/561"}],"wp:featuredmedia":[{"embeddable":true,"href":"https:\/\/brasiladentro.org.br\/index.php\/wp-json\/wp\/v2\/media\/503"}],"wp:attachment":[{"href":"https:\/\/brasiladentro.org.br\/index.php\/wp-json\/wp\/v2\/media?parent=478"}],"curies":[{"name":"wp","href":"https:\/\/api.w.org\/{rel}","templated":true}]}}