{"id":477,"date":"2024-11-02T04:52:08","date_gmt":"2024-11-02T04:52:08","guid":{"rendered":"https:\/\/brasiladentro.org.br\/?page_id=477"},"modified":"2024-11-02T05:12:20","modified_gmt":"2024-11-02T05:12:20","slug":"corrida-de-reis-mirim-e-reizinho-nas-escolas-do-df","status":"publish","type":"page","link":"https:\/\/brasiladentro.org.br\/index.php\/corrida-de-reis-mirim-e-reizinho-nas-escolas-do-df\/","title":{"rendered":"Corrida de Reis do Distrito Federal"},"content":{"rendered":"\t\t<div data-elementor-type=\"wp-page\" data-elementor-id=\"477\" class=\"elementor elementor-477\">\n\t\t\t\t<div class=\"elementor-element elementor-element-3fefa648 e-flex e-con-boxed e-con e-parent\" data-id=\"3fefa648\" data-element_type=\"container\" data-settings=\"{&quot;background_background&quot;:&quot;classic&quot;,&quot;shape_divider_bottom&quot;:&quot;mountains&quot;}\">\n\t\t\t\t\t<div class=\"e-con-inner\">\n\t\t\t\t<div class=\"elementor-shape elementor-shape-bottom\" data-negative=\"false\">\n\t\t\t<svg xmlns=\"http:\/\/www.w3.org\/2000\/svg\" viewBox=\"0 0 1000 100\" preserveAspectRatio=\"none\">\n\t<path class=\"elementor-shape-fill\" opacity=\"0.33\" d=\"M473,67.3c-203.9,88.3-263.1-34-320.3,0C66,119.1,0,59.7,0,59.7V0h1000v59.7 c0,0-62.1,26.1-94.9,29.3c-32.8,3.3-62.8-12.3-75.8-22.1C806,49.6,745.3,8.7,694.9,4.7S492.4,59,473,67.3z\"\/>\n\t<path class=\"elementor-shape-fill\" opacity=\"0.66\" d=\"M734,67.3c-45.5,0-77.2-23.2-129.1-39.1c-28.6-8.7-150.3-10.1-254,39.1 s-91.7-34.4-149.2,0C115.7,118.3,0,39.8,0,39.8V0h1000v36.5c0,0-28.2-18.5-92.1-18.5C810.2,18.1,775.7,67.3,734,67.3z\"\/>\n\t<path class=\"elementor-shape-fill\" d=\"M766.1,28.9c-200-57.5-266,65.5-395.1,19.5C242,1.8,242,5.4,184.8,20.6C128,35.8,132.3,44.9,89.9,52.5C28.6,63.7,0,0,0,0 h1000c0,0-9.9,40.9-83.6,48.1S829.6,47,766.1,28.9z\"\/>\n<\/svg>\t\t<\/div>\n\t\t\t\t<div class=\"elementor-element elementor-element-49e7674d elementor-widget elementor-widget-heading\" data-id=\"49e7674d\" data-element_type=\"widget\" data-widget_type=\"heading.default\">\n\t\t\t\t<div class=\"elementor-widget-container\">\n\t\t\t<h2 class=\"elementor-heading-title elementor-size-default\">Corrida de Reis do Distrito Federal<\/h2>\t\t<\/div>\n\t\t\t\t<\/div>\n\t\t\t\t<div class=\"elementor-element elementor-element-2d8e7a5a elementor-widget elementor-widget-heading\" data-id=\"2d8e7a5a\" data-element_type=\"widget\" data-widget_type=\"heading.default\">\n\t\t\t\t<div class=\"elementor-widget-container\">\n\t\t\t<h2 class=\"elementor-heading-title elementor-size-default\">2005 a 2010<\/h2>\t\t<\/div>\n\t\t\t\t<\/div>\n\t\t\t\t\t<\/div>\n\t\t\t\t<\/div>\n\t\t<div class=\"elementor-element elementor-element-77819821 e-flex e-con-boxed e-con e-parent\" data-id=\"77819821\" data-element_type=\"container\">\n\t\t\t\t\t<div class=\"e-con-inner\">\n\t\t\t\t<div class=\"elementor-element elementor-element-625e20dc elementor-widget elementor-widget-text-editor\" data-id=\"625e20dc\" data-element_type=\"widget\" data-widget_type=\"text-editor.default\">\n\t\t\t\t<div class=\"elementor-widget-container\">\n\t\t\t\t\t\t\t<p>O <b>Instituto Brasil Adentro<\/b> foi respons\u00e1vel pela execu\u00e7\u00e3o integral das etapas da<b> Corrida de Reis do Distrito Federal nas edi\u00e7\u00f5es 35\u00aa a 40\u00aa<\/b>, realizadas entre 2005 e 2010. A atua\u00e7\u00e3o do Instituto envolveu a gest\u00e3o completa e minuciosa de todas as fases dos eventos, abrangendo o planejamento estrat\u00e9gico detalhado, a divulga\u00e7\u00e3o ampla e direcionada, o processamento eficiente das inscri\u00e7\u00f5es e a montagem e desmontagem das estruturas f\u00edsicas necess\u00e1rias, tais como tendas, arquibancadas e \u00e1reas de apoio aos atletas. Al\u00e9m disso, a fiscaliza\u00e7\u00e3o t\u00e9cnica foi rigorosamente conduzida, garantindo que os eventos estivessem em conformidade com os mais altos padr\u00f5es esportivos e de seguran\u00e7a.<\/p><p><br>Cada edi\u00e7\u00e3o da Corrida de Reis atraiu uma m\u00e9dia de <b>6.000 atletas<\/b>, incluindo corredores amadores e de elite, tanto em n\u00edvel nacional quanto internacional. O evento contou com cobertura ao vivo pela <b>TV Record<\/b> entre 2006 e 2008, e pela <b>TV Globo<\/b> nos anos de 2009 e 2010, ampliando a visibilidade e consolidando-o como um marco no cen\u00e1rio esportivo brasileiro de corridas de rua. A excel\u00eancia organizacional e t\u00e9cnica mantida pelo<b> Instituto Brasil Adentro<\/b> foi fundamental para o sucesso do evento, assegurando uma experi\u00eancia de alta qualidade para os participantes, espectadores e a audi\u00eancia televisiva, e elevando o prest\u00edgio da Corrida de Reis no \u00e2mbito esportivo nacional.<\/p>\t\t\t\t\t\t<\/div>\n\t\t\t\t<\/div>\n\t\t\t\t\t<\/div>\n\t\t\t\t<\/div>\n\t\t<div class=\"elementor-element elementor-element-7c742e37 e-flex e-con-boxed e-con e-parent\" data-id=\"7c742e37\" data-element_type=\"container\">\n\t\t\t\t\t<div class=\"e-con-inner\">\n\t\t<div class=\"elementor-element elementor-element-5e4a8aed e-con-full e-flex e-con e-child\" data-id=\"5e4a8aed\" data-element_type=\"container\">\n\t\t\t\t<div class=\"elementor-element elementor-element-1c00ac07 elementor-widget elementor-widget-image\" data-id=\"1c00ac07\" data-element_type=\"widget\" data-widget_type=\"image.default\">\n\t\t\t\t<div class=\"elementor-widget-container\">\n\t\t\t\t\t\t\t\t\t\t\t\t\t<img fetchpriority=\"high\" decoding=\"async\" width=\"434\" height=\"315\" src=\"https:\/\/brasiladentro.org.br\/wp-content\/uploads\/2024\/11\/CORRIDA-DE-REIS.png\" class=\"attachment-large size-large wp-image-498\" alt=\"\" srcset=\"https:\/\/brasiladentro.org.br\/wp-content\/uploads\/2024\/11\/CORRIDA-DE-REIS.png 434w, https:\/\/brasiladentro.org.br\/wp-content\/uploads\/2024\/11\/CORRIDA-DE-REIS-300x218.png 300w\" sizes=\"(max-width: 434px) 100vw, 434px\" \/>\t\t\t\t\t\t\t\t\t\t\t\t\t<\/div>\n\t\t\t\t<\/div>\n\t\t\t\t<\/div>\n\t\t<div class=\"elementor-element elementor-element-29164bc3 e-con-full e-flex e-con e-child\" data-id=\"29164bc3\" data-element_type=\"container\">\n\t\t\t\t<div class=\"elementor-element elementor-element-279b93ba elementor-widget elementor-widget-image\" data-id=\"279b93ba\" data-element_type=\"widget\" data-widget_type=\"image.default\">\n\t\t\t\t<div class=\"elementor-widget-container\">\n\t\t\t\t\t\t\t\t\t\t\t\t\t<img decoding=\"async\" width=\"434\" height=\"315\" src=\"https:\/\/brasiladentro.org.br\/wp-content\/uploads\/2024\/11\/CORRIDA-DE-REIS2.png\" class=\"attachment-large size-large wp-image-499\" alt=\"\" srcset=\"https:\/\/brasiladentro.org.br\/wp-content\/uploads\/2024\/11\/CORRIDA-DE-REIS2.png 434w, https:\/\/brasiladentro.org.br\/wp-content\/uploads\/2024\/11\/CORRIDA-DE-REIS2-300x218.png 300w\" sizes=\"(max-width: 434px) 100vw, 434px\" \/>\t\t\t\t\t\t\t\t\t\t\t\t\t<\/div>\n\t\t\t\t<\/div>\n\t\t\t\t<\/div>\n\t\t\t\t\t<\/div>\n\t\t\t\t<\/div>\n\t\t\t\t<\/div>\n\t\t","protected":false},"excerpt":{"rendered":"<p>2005 a 2010 O Instituto Brasil Adentro foi respons\u00e1vel pela execu\u00e7\u00e3o integral das etapas da Corrida de Reis do Distrito Federal nas edi\u00e7\u00f5es 35\u00aa a 40\u00aa, realizadas entre 2005 e 2010. A atua\u00e7\u00e3o do Instituto envolveu a gest\u00e3o completa e minuciosa de todas as fases dos eventos, abrangendo o planejamento estrat\u00e9gico detalhado, a divulga\u00e7\u00e3o ampla [&hellip;]<\/p>\n","protected":false},"author":1,"featured_media":498,"parent":0,"menu_order":0,"comment_status":"closed","ping_status":"closed","template":"","meta":{"footnotes":""},"class_list":["post-477","page","type-page","status-publish","has-post-thumbnail","hentry"],"_links":{"self":[{"href":"https:\/\/brasiladentro.org.br\/index.php\/wp-json\/wp\/v2\/pages\/477","targetHints":{"allow":["GET"]}}],"collection":[{"href":"https:\/\/brasiladentro.org.br\/index.php\/wp-json\/wp\/v2\/pages"}],"about":[{"href":"https:\/\/brasiladentro.org.br\/index.php\/wp-json\/wp\/v2\/types\/page"}],"author":[{"embeddable":true,"href":"https:\/\/brasiladentro.org.br\/index.php\/wp-json\/wp\/v2\/users\/1"}],"replies":[{"embeddable":true,"href":"https:\/\/brasiladentro.org.br\/index.php\/wp-json\/wp\/v2\/comments?post=477"}],"version-history":[{"count":9,"href":"https:\/\/brasiladentro.org.br\/index.php\/wp-json\/wp\/v2\/pages\/477\/revisions"}],"predecessor-version":[{"id":555,"href":"https:\/\/brasiladentro.org.br\/index.php\/wp-json\/wp\/v2\/pages\/477\/revisions\/555"}],"wp:featuredmedia":[{"embeddable":true,"href":"https:\/\/brasiladentro.org.br\/index.php\/wp-json\/wp\/v2\/media\/498"}],"wp:attachment":[{"href":"https:\/\/brasiladentro.org.br\/index.php\/wp-json\/wp\/v2\/media?parent=477"}],"curies":[{"name":"wp","href":"https:\/\/api.w.org\/{rel}","templated":true}]}}