{"id":473,"date":"2024-11-02T04:49:55","date_gmt":"2024-11-02T04:49:55","guid":{"rendered":"https:\/\/brasiladentro.org.br\/?page_id=473"},"modified":"2024-11-02T05:11:24","modified_gmt":"2024-11-02T05:11:24","slug":"projeto-esporte-com-cidadania","status":"publish","type":"page","link":"https:\/\/brasiladentro.org.br\/index.php\/projeto-esporte-com-cidadania\/","title":{"rendered":"Projeto Esporte com Cidadania"},"content":{"rendered":"\t\t<div data-elementor-type=\"wp-page\" data-elementor-id=\"473\" class=\"elementor elementor-473\">\n\t\t\t\t<div class=\"elementor-element elementor-element-3fefa648 e-flex e-con-boxed e-con e-parent\" data-id=\"3fefa648\" data-element_type=\"container\" data-settings=\"{&quot;background_background&quot;:&quot;classic&quot;,&quot;shape_divider_bottom&quot;:&quot;mountains&quot;}\">\n\t\t\t\t\t<div class=\"e-con-inner\">\n\t\t\t\t<div class=\"elementor-shape elementor-shape-bottom\" data-negative=\"false\">\n\t\t\t<svg xmlns=\"http:\/\/www.w3.org\/2000\/svg\" viewBox=\"0 0 1000 100\" preserveAspectRatio=\"none\">\n\t<path class=\"elementor-shape-fill\" opacity=\"0.33\" d=\"M473,67.3c-203.9,88.3-263.1-34-320.3,0C66,119.1,0,59.7,0,59.7V0h1000v59.7 c0,0-62.1,26.1-94.9,29.3c-32.8,3.3-62.8-12.3-75.8-22.1C806,49.6,745.3,8.7,694.9,4.7S492.4,59,473,67.3z\"\/>\n\t<path class=\"elementor-shape-fill\" opacity=\"0.66\" d=\"M734,67.3c-45.5,0-77.2-23.2-129.1-39.1c-28.6-8.7-150.3-10.1-254,39.1 s-91.7-34.4-149.2,0C115.7,118.3,0,39.8,0,39.8V0h1000v36.5c0,0-28.2-18.5-92.1-18.5C810.2,18.1,775.7,67.3,734,67.3z\"\/>\n\t<path class=\"elementor-shape-fill\" d=\"M766.1,28.9c-200-57.5-266,65.5-395.1,19.5C242,1.8,242,5.4,184.8,20.6C128,35.8,132.3,44.9,89.9,52.5C28.6,63.7,0,0,0,0 h1000c0,0-9.9,40.9-83.6,48.1S829.6,47,766.1,28.9z\"\/>\n<\/svg>\t\t<\/div>\n\t\t\t\t<div class=\"elementor-element elementor-element-49e7674d elementor-widget elementor-widget-heading\" data-id=\"49e7674d\" data-element_type=\"widget\" data-widget_type=\"heading.default\">\n\t\t\t\t<div class=\"elementor-widget-container\">\n\t\t\t<h2 class=\"elementor-heading-title elementor-size-default\">Projeto Esporte com Cidadania<\/h2>\t\t<\/div>\n\t\t\t\t<\/div>\n\t\t\t\t<div class=\"elementor-element elementor-element-2d8e7a5a elementor-widget elementor-widget-heading\" data-id=\"2d8e7a5a\" data-element_type=\"widget\" data-widget_type=\"heading.default\">\n\t\t\t\t<div class=\"elementor-widget-container\">\n\t\t\t<h2 class=\"elementor-heading-title elementor-size-default\">2024<\/h2>\t\t<\/div>\n\t\t\t\t<\/div>\n\t\t\t\t\t<\/div>\n\t\t\t\t<\/div>\n\t\t<div class=\"elementor-element elementor-element-77819821 e-flex e-con-boxed e-con e-parent\" data-id=\"77819821\" data-element_type=\"container\">\n\t\t\t\t\t<div class=\"e-con-inner\">\n\t\t\t\t<div class=\"elementor-element elementor-element-625e20dc elementor-widget elementor-widget-text-editor\" data-id=\"625e20dc\" data-element_type=\"widget\" data-widget_type=\"text-editor.default\">\n\t\t\t\t<div class=\"elementor-widget-container\">\n\t\t\t\t\t\t\t<p>O <b>Projeto Esporte com Cidadania<\/b>, estabelecido em conv\u00eanio com o Minist\u00e9rio do Esporte, foi implementado nas cidades de S\u00e3o Gon\u00e7alo e Niter\u00f3i, localizadas no Estado do Rio de Janeiro. Este projeto disponibilizou um total de<b> 1.000 vagas<\/b> para crian\u00e7as e adolescentes, distribu\u00eddas em 4 n\u00facleos distintos. As modalidades oferecidas inclu\u00edram Futebol, Boxe e Jiu-Jitsu, com o objetivo de atender a uma faixa et\u00e1ria variada e proporcionar acesso a atividades esportivas diversificadas.<\/p><p><br>O <b>Instituto Brasil Adentro<\/b> considera o esporte como uma poderosa ferramenta de transforma\u00e7\u00e3o social. Atrav\u00e9s do projeto, procurou-se oferecer oportunidades e uma nova perspectiva de futuro para jovens residentes em comunidades de alta vulnerabilidade. O Esporte com Cidadania foi projetado com metas espec\u00edficas para aproximar os jovens das pr\u00e1ticas esportivas, reduzir a ociosidade e promover disciplina, atividade f\u00edsica regular e trabalho em equipe.<\/p><p>&nbsp; <br>A implementa\u00e7\u00e3o do projeto envolveu uma s\u00e9rie de atividades e processos cr\u00edticos, incluindo a gest\u00e3o das atividades esportivas, que englobou a coordena\u00e7\u00e3o das aulas e a supervis\u00e3o das opera\u00e7\u00f5es di\u00e1rias. Al\u00e9m disso, foi realizado um monitoramento cont\u00ednuo da participa\u00e7\u00e3o dos benefici\u00e1rios, garantindo que os jovens fossem acompanhados adequadamente e que os objetivos do projeto fossem atingidos.<\/p>\t\t\t\t\t\t<\/div>\n\t\t\t\t<\/div>\n\t\t\t\t\t<\/div>\n\t\t\t\t<\/div>\n\t\t<div class=\"elementor-element elementor-element-7c742e37 e-flex e-con-boxed e-con e-parent\" data-id=\"7c742e37\" data-element_type=\"container\">\n\t\t\t\t\t<div class=\"e-con-inner\">\n\t\t<div class=\"elementor-element elementor-element-5e4a8aed e-con-full e-flex e-con e-child\" data-id=\"5e4a8aed\" data-element_type=\"container\">\n\t\t\t\t<div class=\"elementor-element elementor-element-1c00ac07 elementor-widget elementor-widget-image\" data-id=\"1c00ac07\" data-element_type=\"widget\" data-widget_type=\"image.default\">\n\t\t\t\t<div class=\"elementor-widget-container\">\n\t\t\t\t\t\t\t\t\t\t\t\t\t<img fetchpriority=\"high\" decoding=\"async\" width=\"434\" height=\"315\" src=\"https:\/\/brasiladentro.org.br\/wp-content\/uploads\/2024\/11\/PROJETO-ESPORTE-COM2.png\" class=\"attachment-large size-large wp-image-481\" alt=\"\" srcset=\"https:\/\/brasiladentro.org.br\/wp-content\/uploads\/2024\/11\/PROJETO-ESPORTE-COM2.png 434w, https:\/\/brasiladentro.org.br\/wp-content\/uploads\/2024\/11\/PROJETO-ESPORTE-COM2-300x218.png 300w\" sizes=\"(max-width: 434px) 100vw, 434px\" \/>\t\t\t\t\t\t\t\t\t\t\t\t\t<\/div>\n\t\t\t\t<\/div>\n\t\t\t\t<\/div>\n\t\t<div class=\"elementor-element elementor-element-29164bc3 e-con-full e-flex e-con e-child\" data-id=\"29164bc3\" data-element_type=\"container\">\n\t\t\t\t<div class=\"elementor-element elementor-element-279b93ba elementor-widget elementor-widget-image\" data-id=\"279b93ba\" data-element_type=\"widget\" data-widget_type=\"image.default\">\n\t\t\t\t<div class=\"elementor-widget-container\">\n\t\t\t\t\t\t\t\t\t\t\t\t\t<img decoding=\"async\" width=\"434\" height=\"315\" src=\"https:\/\/brasiladentro.org.br\/wp-content\/uploads\/2024\/11\/PROJETO-ESPORTE-COM.png\" class=\"attachment-large size-large wp-image-480\" alt=\"\" srcset=\"https:\/\/brasiladentro.org.br\/wp-content\/uploads\/2024\/11\/PROJETO-ESPORTE-COM.png 434w, https:\/\/brasiladentro.org.br\/wp-content\/uploads\/2024\/11\/PROJETO-ESPORTE-COM-300x218.png 300w\" sizes=\"(max-width: 434px) 100vw, 434px\" \/>\t\t\t\t\t\t\t\t\t\t\t\t\t<\/div>\n\t\t\t\t<\/div>\n\t\t\t\t<\/div>\n\t\t\t\t\t<\/div>\n\t\t\t\t<\/div>\n\t\t\t\t<\/div>\n\t\t","protected":false},"excerpt":{"rendered":"<p>2024 O Projeto Esporte com Cidadania, estabelecido em conv\u00eanio com o Minist\u00e9rio do Esporte, foi implementado nas cidades de S\u00e3o Gon\u00e7alo e Niter\u00f3i, localizadas no Estado do Rio de Janeiro. Este projeto disponibilizou um total de 1.000 vagas para crian\u00e7as e adolescentes, distribu\u00eddas em 4 n\u00facleos distintos. As modalidades oferecidas inclu\u00edram Futebol, Boxe e Jiu-Jitsu, [&hellip;]<\/p>\n","protected":false},"author":1,"featured_media":481,"parent":0,"menu_order":0,"comment_status":"closed","ping_status":"closed","template":"","meta":{"footnotes":""},"class_list":["post-473","page","type-page","status-publish","has-post-thumbnail","hentry"],"_links":{"self":[{"href":"https:\/\/brasiladentro.org.br\/index.php\/wp-json\/wp\/v2\/pages\/473","targetHints":{"allow":["GET"]}}],"collection":[{"href":"https:\/\/brasiladentro.org.br\/index.php\/wp-json\/wp\/v2\/pages"}],"about":[{"href":"https:\/\/brasiladentro.org.br\/index.php\/wp-json\/wp\/v2\/types\/page"}],"author":[{"embeddable":true,"href":"https:\/\/brasiladentro.org.br\/index.php\/wp-json\/wp\/v2\/users\/1"}],"replies":[{"embeddable":true,"href":"https:\/\/brasiladentro.org.br\/index.php\/wp-json\/wp\/v2\/comments?post=473"}],"version-history":[{"count":9,"href":"https:\/\/brasiladentro.org.br\/index.php\/wp-json\/wp\/v2\/pages\/473\/revisions"}],"predecessor-version":[{"id":549,"href":"https:\/\/brasiladentro.org.br\/index.php\/wp-json\/wp\/v2\/pages\/473\/revisions\/549"}],"wp:featuredmedia":[{"embeddable":true,"href":"https:\/\/brasiladentro.org.br\/index.php\/wp-json\/wp\/v2\/media\/481"}],"wp:attachment":[{"href":"https:\/\/brasiladentro.org.br\/index.php\/wp-json\/wp\/v2\/media?parent=473"}],"curies":[{"name":"wp","href":"https:\/\/api.w.org\/{rel}","templated":true}]}}