{"id":388,"date":"2024-11-02T04:15:43","date_gmt":"2024-11-02T04:15:43","guid":{"rendered":"https:\/\/brasiladentro.org.br\/?page_id=388"},"modified":"2024-11-02T04:44:44","modified_gmt":"2024-11-02T04:44:44","slug":"projeto-empreendedor-do-futuro","status":"publish","type":"page","link":"https:\/\/brasiladentro.org.br\/index.php\/projeto-empreendedor-do-futuro\/","title":{"rendered":"Projeto Empreendedor do Futuro"},"content":{"rendered":"\t\t<div data-elementor-type=\"wp-page\" data-elementor-id=\"388\" class=\"elementor elementor-388\">\n\t\t\t\t<div class=\"elementor-element elementor-element-5e8c0250 e-flex e-con-boxed e-con e-parent\" data-id=\"5e8c0250\" data-element_type=\"container\" data-settings=\"{&quot;background_background&quot;:&quot;classic&quot;,&quot;shape_divider_bottom&quot;:&quot;mountains&quot;}\">\n\t\t\t\t\t<div class=\"e-con-inner\">\n\t\t\t\t<div class=\"elementor-shape elementor-shape-bottom\" data-negative=\"false\">\n\t\t\t<svg xmlns=\"http:\/\/www.w3.org\/2000\/svg\" viewBox=\"0 0 1000 100\" preserveAspectRatio=\"none\">\n\t<path class=\"elementor-shape-fill\" opacity=\"0.33\" d=\"M473,67.3c-203.9,88.3-263.1-34-320.3,0C66,119.1,0,59.7,0,59.7V0h1000v59.7 c0,0-62.1,26.1-94.9,29.3c-32.8,3.3-62.8-12.3-75.8-22.1C806,49.6,745.3,8.7,694.9,4.7S492.4,59,473,67.3z\"\/>\n\t<path class=\"elementor-shape-fill\" opacity=\"0.66\" d=\"M734,67.3c-45.5,0-77.2-23.2-129.1-39.1c-28.6-8.7-150.3-10.1-254,39.1 s-91.7-34.4-149.2,0C115.7,118.3,0,39.8,0,39.8V0h1000v36.5c0,0-28.2-18.5-92.1-18.5C810.2,18.1,775.7,67.3,734,67.3z\"\/>\n\t<path class=\"elementor-shape-fill\" d=\"M766.1,28.9c-200-57.5-266,65.5-395.1,19.5C242,1.8,242,5.4,184.8,20.6C128,35.8,132.3,44.9,89.9,52.5C28.6,63.7,0,0,0,0 h1000c0,0-9.9,40.9-83.6,48.1S829.6,47,766.1,28.9z\"\/>\n<\/svg>\t\t<\/div>\n\t\t\t\t<div class=\"elementor-element elementor-element-58f9742c elementor-widget elementor-widget-heading\" data-id=\"58f9742c\" data-element_type=\"widget\" data-widget_type=\"heading.default\">\n\t\t\t\t<div class=\"elementor-widget-container\">\n\t\t\t<h2 class=\"elementor-heading-title elementor-size-default\">Projeto Empreendedor do Futuro<\/h2>\t\t<\/div>\n\t\t\t\t<\/div>\n\t\t\t\t<div class=\"elementor-element elementor-element-1b06724e elementor-widget elementor-widget-heading\" data-id=\"1b06724e\" data-element_type=\"widget\" data-widget_type=\"heading.default\">\n\t\t\t\t<div class=\"elementor-widget-container\">\n\t\t\t<h2 class=\"elementor-heading-title elementor-size-default\">2018<\/h2>\t\t<\/div>\n\t\t\t\t<\/div>\n\t\t\t\t\t<\/div>\n\t\t\t\t<\/div>\n\t\t<div class=\"elementor-element elementor-element-561e1b4e e-flex e-con-boxed e-con e-parent\" data-id=\"561e1b4e\" data-element_type=\"container\">\n\t\t\t\t\t<div class=\"e-con-inner\">\n\t\t\t\t<div class=\"elementor-element elementor-element-1db64dd0 elementor-widget elementor-widget-text-editor\" data-id=\"1db64dd0\" data-element_type=\"widget\" data-widget_type=\"text-editor.default\">\n\t\t\t\t<div class=\"elementor-widget-container\">\n\t\t\t\t\t\t\t<p>Por meio de um <strong>Termo de Fomento com a Secretaria de Estado de Pol\u00edticas para Crian\u00e7as, Adolescente e Juventude do DF<\/strong>, foi realizado o Projeto Empreendedor do Futuro, que proporcionou a capacita\u00e7\u00e3o de <strong>1.400 jovens<\/strong> do Distrito Federal com um curso t\u00e9cnico de <strong>40 horas<\/strong>, abordando aspectos fundamentais de empreendedorismo e gest\u00e3o pessoal. Idealizado e executado pelo Instituto, o projeto visou a qualifica\u00e7\u00e3o e incentivo de jovens de baixa renda, matriculados em institui\u00e7\u00f5es de ensino superior, t\u00e9cnico ou universit\u00e1rio, para a cria\u00e7\u00e3o e implementa\u00e7\u00e3o de startups no mercado. O curso foi estruturado para fornecer conhecimentos avan\u00e7ados sobre desenvolvimento de neg\u00f3cios, planejamento estrat\u00e9gico, e gest\u00e3o financeira, com o objetivo de promover a gera\u00e7\u00e3o de renda e fortalecer o esp\u00edrito empreendedor entre os participantes, contribuindo para o desenvolvimento econ\u00f4mico e social da regi\u00e3o.<\/p>\t\t\t\t\t\t<\/div>\n\t\t\t\t<\/div>\n\t\t\t\t\t<\/div>\n\t\t\t\t<\/div>\n\t\t<div class=\"elementor-element elementor-element-286eac9 e-flex e-con-boxed e-con e-parent\" data-id=\"286eac9\" data-element_type=\"container\">\n\t\t\t\t\t<div class=\"e-con-inner\">\n\t\t<div class=\"elementor-element elementor-element-a84fdab e-con-full e-flex e-con e-child\" data-id=\"a84fdab\" data-element_type=\"container\">\n\t\t\t\t<div class=\"elementor-element elementor-element-a4cbea4 elementor-widget elementor-widget-premium-counter\" data-id=\"a4cbea4\" data-element_type=\"widget\" data-widget_type=\"premium-counter.default\">\n\t\t\t\t<div class=\"elementor-widget-container\">\n\t\t\t\n\t\t<div class=\"premium-counter premium-counter-area top\" data-duration=\"3000\" data-from-value=\"0\" data-to-value=\"1400\" data-delimiter=\",\" data-rounding=\"0\">\n\t\t\t\n\t\t<div class=\"premium-counter-icon\">\n\n\t\t\t<span class=\"icon\" data-animation=\"\">\n\n\t\t\t\t\t\t\t\t\t<i class=\"premium-svg-nodraw premium-drawable-icon fas fa-user-graduate\" aria-hidden=\"true\"><\/i>\n\t\t\t\t\n\t\t\t<\/span>\n\t\t<\/div>\n\n\t\t\n\t\t<div class=\"premium-init-wrapper column\">\n\n\t\t\t<div class=\"premium-counter-value-wrap\">\n\t\t\t\t\n\t\t\t\t<span class=\"premium-counter-init\" id=\"counter-a4cbea4\">0<\/span>\n\n\t\t\t\t\t\t\t<\/div>\n\n\t\t\t\t\t\t\t<div class=\"premium-counter-title\">\n\t\t\t\t\t<p class=\"premium-counter-title-val\">\n\t\t\t\t\t\tJovens Capacitados\t\t\t\t\t<\/p>\n\t\t\t\t\t\t\t\t\t<\/div>\n\t\t\t\t\t<\/div>\n\n\t\t\t\t<\/div>\n\n\t\t\t\t<\/div>\n\t\t\t\t<\/div>\n\t\t\t\t<\/div>\n\t\t<div class=\"elementor-element elementor-element-2f26604 e-con-full e-flex e-con e-child\" data-id=\"2f26604\" data-element_type=\"container\">\n\t\t\t\t<div class=\"elementor-element elementor-element-470cf59 elementor-widget elementor-widget-premium-counter\" data-id=\"470cf59\" data-element_type=\"widget\" data-widget_type=\"premium-counter.default\">\n\t\t\t\t<div class=\"elementor-widget-container\">\n\t\t\t\n\t\t<div class=\"premium-counter premium-counter-area top\" data-duration=\"3000\" data-from-value=\"0\" data-to-value=\"40\" data-delimiter=\",\" data-rounding=\"0\">\n\t\t\t\n\t\t<div class=\"premium-counter-icon\">\n\n\t\t\t<span class=\"icon\" data-animation=\"\">\n\n\t\t\t\t\t\t\t\t\t<i class=\"premium-svg-nodraw premium-drawable-icon fas fa-clock\" aria-hidden=\"true\"><\/i>\n\t\t\t\t\n\t\t\t<\/span>\n\t\t<\/div>\n\n\t\t\n\t\t<div class=\"premium-init-wrapper column\">\n\n\t\t\t<div class=\"premium-counter-value-wrap\">\n\t\t\t\t\n\t\t\t\t<span class=\"premium-counter-init\" id=\"counter-470cf59\">0<\/span>\n\n\t\t\t\t\t\t\t<\/div>\n\n\t\t\t\t\t\t\t<div class=\"premium-counter-title\">\n\t\t\t\t\t<p class=\"premium-counter-title-val\">\n\t\t\t\t\t\tCarga hor\u00e1ria\t\t\t\t\t<\/p>\n\t\t\t\t\t\t\t\t\t<\/div>\n\t\t\t\t\t<\/div>\n\n\t\t\t\t<\/div>\n\n\t\t\t\t<\/div>\n\t\t\t\t<\/div>\n\t\t\t\t<\/div>\n\t\t\t\t\t<\/div>\n\t\t\t\t<\/div>\n\t\t<div class=\"elementor-element elementor-element-75c99552 e-flex e-con-boxed e-con e-parent\" data-id=\"75c99552\" data-element_type=\"container\">\n\t\t\t\t\t<div class=\"e-con-inner\">\n\t\t<div class=\"elementor-element elementor-element-798bdd5b e-con-full e-flex e-con e-child\" data-id=\"798bdd5b\" data-element_type=\"container\">\n\t\t\t\t<div class=\"elementor-element elementor-element-218d49dc elementor-widget elementor-widget-image\" data-id=\"218d49dc\" data-element_type=\"widget\" data-widget_type=\"image.default\">\n\t\t\t\t<div class=\"elementor-widget-container\">\n\t\t\t\t\t\t\t\t\t\t\t\t\t<img fetchpriority=\"high\" decoding=\"async\" width=\"434\" height=\"315\" src=\"https:\/\/brasiladentro.org.br\/wp-content\/uploads\/2024\/11\/futuro-Instituto-Brasil-Adentro.png\" class=\"attachment-large size-large wp-image-422\" alt=\"\" srcset=\"https:\/\/brasiladentro.org.br\/wp-content\/uploads\/2024\/11\/futuro-Instituto-Brasil-Adentro.png 434w, https:\/\/brasiladentro.org.br\/wp-content\/uploads\/2024\/11\/futuro-Instituto-Brasil-Adentro-300x218.png 300w\" sizes=\"(max-width: 434px) 100vw, 434px\" \/>\t\t\t\t\t\t\t\t\t\t\t\t\t<\/div>\n\t\t\t\t<\/div>\n\t\t\t\t<\/div>\n\t\t<div class=\"elementor-element elementor-element-6b54321a e-con-full e-flex e-con e-child\" data-id=\"6b54321a\" data-element_type=\"container\">\n\t\t\t\t<div class=\"elementor-element elementor-element-da79e9f elementor-widget elementor-widget-image\" data-id=\"da79e9f\" data-element_type=\"widget\" data-widget_type=\"image.default\">\n\t\t\t\t<div class=\"elementor-widget-container\">\n\t\t\t\t\t\t\t\t\t\t\t\t\t<img decoding=\"async\" width=\"434\" height=\"315\" src=\"https:\/\/brasiladentro.org.br\/wp-content\/uploads\/2024\/11\/futuro2-Instituto-Brasil-Adentro.png\" class=\"attachment-large size-large wp-image-423\" alt=\"\" srcset=\"https:\/\/brasiladentro.org.br\/wp-content\/uploads\/2024\/11\/futuro2-Instituto-Brasil-Adentro.png 434w, https:\/\/brasiladentro.org.br\/wp-content\/uploads\/2024\/11\/futuro2-Instituto-Brasil-Adentro-300x218.png 300w\" sizes=\"(max-width: 434px) 100vw, 434px\" \/>\t\t\t\t\t\t\t\t\t\t\t\t\t<\/div>\n\t\t\t\t<\/div>\n\t\t\t\t<\/div>\n\t\t\t\t\t<\/div>\n\t\t\t\t<\/div>\n\t\t\t\t<\/div>\n\t\t","protected":false},"excerpt":{"rendered":"<p>2018 Por meio de um Termo de Fomento com a Secretaria de Estado de Pol\u00edticas para Crian\u00e7as, Adolescente e Juventude do DF, foi realizado o Projeto Empreendedor do Futuro, que proporcionou a capacita\u00e7\u00e3o de 1.400 jovens do Distrito Federal com um curso t\u00e9cnico de 40 horas, abordando aspectos fundamentais de empreendedorismo e gest\u00e3o pessoal. Idealizado [&hellip;]<\/p>\n","protected":false},"author":1,"featured_media":422,"parent":0,"menu_order":0,"comment_status":"closed","ping_status":"closed","template":"","meta":{"footnotes":""},"class_list":["post-388","page","type-page","status-publish","has-post-thumbnail","hentry"],"_links":{"self":[{"href":"https:\/\/brasiladentro.org.br\/index.php\/wp-json\/wp\/v2\/pages\/388","targetHints":{"allow":["GET"]}}],"collection":[{"href":"https:\/\/brasiladentro.org.br\/index.php\/wp-json\/wp\/v2\/pages"}],"about":[{"href":"https:\/\/brasiladentro.org.br\/index.php\/wp-json\/wp\/v2\/types\/page"}],"author":[{"embeddable":true,"href":"https:\/\/brasiladentro.org.br\/index.php\/wp-json\/wp\/v2\/users\/1"}],"replies":[{"embeddable":true,"href":"https:\/\/brasiladentro.org.br\/index.php\/wp-json\/wp\/v2\/comments?post=388"}],"version-history":[{"count":7,"href":"https:\/\/brasiladentro.org.br\/index.php\/wp-json\/wp\/v2\/pages\/388\/revisions"}],"predecessor-version":[{"id":459,"href":"https:\/\/brasiladentro.org.br\/index.php\/wp-json\/wp\/v2\/pages\/388\/revisions\/459"}],"wp:featuredmedia":[{"embeddable":true,"href":"https:\/\/brasiladentro.org.br\/index.php\/wp-json\/wp\/v2\/media\/422"}],"wp:attachment":[{"href":"https:\/\/brasiladentro.org.br\/index.php\/wp-json\/wp\/v2\/media?parent=388"}],"curies":[{"name":"wp","href":"https:\/\/api.w.org\/{rel}","templated":true}]}}