{"id":387,"date":"2024-11-02T04:15:43","date_gmt":"2024-11-02T04:15:43","guid":{"rendered":"https:\/\/brasiladentro.org.br\/?page_id=387"},"modified":"2024-11-02T04:43:48","modified_gmt":"2024-11-02T04:43:48","slug":"projeto-empreender-360o","status":"publish","type":"page","link":"https:\/\/brasiladentro.org.br\/index.php\/projeto-empreender-360o\/","title":{"rendered":"Projeto Empreender 360\u00ba"},"content":{"rendered":"\t\t<div data-elementor-type=\"wp-page\" data-elementor-id=\"387\" class=\"elementor elementor-387\">\n\t\t\t\t<div class=\"elementor-element elementor-element-5e8c0250 e-flex e-con-boxed e-con e-parent\" data-id=\"5e8c0250\" data-element_type=\"container\" data-settings=\"{&quot;background_background&quot;:&quot;classic&quot;,&quot;shape_divider_bottom&quot;:&quot;mountains&quot;}\">\n\t\t\t\t\t<div class=\"e-con-inner\">\n\t\t\t\t<div class=\"elementor-shape elementor-shape-bottom\" data-negative=\"false\">\n\t\t\t<svg xmlns=\"http:\/\/www.w3.org\/2000\/svg\" viewBox=\"0 0 1000 100\" preserveAspectRatio=\"none\">\n\t<path class=\"elementor-shape-fill\" opacity=\"0.33\" d=\"M473,67.3c-203.9,88.3-263.1-34-320.3,0C66,119.1,0,59.7,0,59.7V0h1000v59.7 c0,0-62.1,26.1-94.9,29.3c-32.8,3.3-62.8-12.3-75.8-22.1C806,49.6,745.3,8.7,694.9,4.7S492.4,59,473,67.3z\"\/>\n\t<path class=\"elementor-shape-fill\" opacity=\"0.66\" d=\"M734,67.3c-45.5,0-77.2-23.2-129.1-39.1c-28.6-8.7-150.3-10.1-254,39.1 s-91.7-34.4-149.2,0C115.7,118.3,0,39.8,0,39.8V0h1000v36.5c0,0-28.2-18.5-92.1-18.5C810.2,18.1,775.7,67.3,734,67.3z\"\/>\n\t<path class=\"elementor-shape-fill\" d=\"M766.1,28.9c-200-57.5-266,65.5-395.1,19.5C242,1.8,242,5.4,184.8,20.6C128,35.8,132.3,44.9,89.9,52.5C28.6,63.7,0,0,0,0 h1000c0,0-9.9,40.9-83.6,48.1S829.6,47,766.1,28.9z\"\/>\n<\/svg>\t\t<\/div>\n\t\t\t\t<div class=\"elementor-element elementor-element-58f9742c elementor-widget elementor-widget-heading\" data-id=\"58f9742c\" data-element_type=\"widget\" data-widget_type=\"heading.default\">\n\t\t\t\t<div class=\"elementor-widget-container\">\n\t\t\t<h2 class=\"elementor-heading-title elementor-size-default\">Projeto Empreender 360\u00ba<\/h2>\t\t<\/div>\n\t\t\t\t<\/div>\n\t\t\t\t<div class=\"elementor-element elementor-element-1b06724e elementor-widget elementor-widget-heading\" data-id=\"1b06724e\" data-element_type=\"widget\" data-widget_type=\"heading.default\">\n\t\t\t\t<div class=\"elementor-widget-container\">\n\t\t\t<h2 class=\"elementor-heading-title elementor-size-default\">2019 e 2020<\/h2>\t\t<\/div>\n\t\t\t\t<\/div>\n\t\t\t\t\t<\/div>\n\t\t\t\t<\/div>\n\t\t<div class=\"elementor-element elementor-element-561e1b4e e-flex e-con-boxed e-con e-parent\" data-id=\"561e1b4e\" data-element_type=\"container\">\n\t\t\t\t\t<div class=\"e-con-inner\">\n\t\t\t\t<div class=\"elementor-element elementor-element-1db64dd0 elementor-widget elementor-widget-text-editor\" data-id=\"1db64dd0\" data-element_type=\"widget\" data-widget_type=\"text-editor.default\">\n\t\t\t\t<div class=\"elementor-widget-container\">\n\t\t\t\t\t\t\t<p>Por meio de um <strong>Termo de Fomento com a Subsecretaria de Integra\u00e7\u00e3o de A\u00e7\u00f5es Sociais da Secretaria de Estado do Trabalho do Distrito Federal<\/strong>, foi desenvolvido o <strong>Curso de Empreendedorismo \u2013 Empreender 360\u00b0<\/strong>, com uma carga hor\u00e1ria total de <strong>200<\/strong> horas. O curso foi estruturado com o objetivo de capacitar egressos ou ativos do Programa F\u00e1brica Social <strong>(Projeto social desenvolvido pela Secretaria de Trabalho do DF)<\/strong> com foco no aprimoramento das habilidades pessoais e profissionais dos participantes.<\/p><p>O curr\u00edculo abrangente incluiu \u00e1reas essenciais como marketing, finan\u00e7as, aspectos sociais e empreendedorismo, proporcionando uma forma\u00e7\u00e3o robusta que visou a constru\u00e7\u00e3o de habilidades estruturadas e a prepara\u00e7\u00e3o dos participantes para enfrentar desafios e aproveitar oportunidades no contexto empresarial e social.<\/p><p>Al\u00e9m das compet\u00eancias t\u00e9cnicas, o curso incentivou a reflex\u00e3o cr\u00edtica e o desenvolvimento de estrat\u00e9gias para o sucesso no mercado e na vida pessoal, promovendo uma abordagem hol\u00edstica para o empreendedorismo e a gest\u00e3o.<\/p>\t\t\t\t\t\t<\/div>\n\t\t\t\t<\/div>\n\t\t\t\t\t<\/div>\n\t\t\t\t<\/div>\n\t\t<div class=\"elementor-element elementor-element-75c99552 e-flex e-con-boxed e-con e-parent\" data-id=\"75c99552\" data-element_type=\"container\">\n\t\t\t\t\t<div class=\"e-con-inner\">\n\t\t<div class=\"elementor-element elementor-element-798bdd5b e-con-full e-flex e-con e-child\" data-id=\"798bdd5b\" data-element_type=\"container\">\n\t\t\t\t<div class=\"elementor-element elementor-element-218d49dc elementor-widget elementor-widget-image\" data-id=\"218d49dc\" data-element_type=\"widget\" data-widget_type=\"image.default\">\n\t\t\t\t<div class=\"elementor-widget-container\">\n\t\t\t\t\t\t\t\t\t\t\t\t\t<img fetchpriority=\"high\" decoding=\"async\" width=\"434\" height=\"315\" src=\"https:\/\/brasiladentro.org.br\/wp-content\/uploads\/2024\/11\/empreender-Instituto-Brasil-Adentro.png\" class=\"attachment-large size-large wp-image-417\" alt=\"\" srcset=\"https:\/\/brasiladentro.org.br\/wp-content\/uploads\/2024\/11\/empreender-Instituto-Brasil-Adentro.png 434w, https:\/\/brasiladentro.org.br\/wp-content\/uploads\/2024\/11\/empreender-Instituto-Brasil-Adentro-300x218.png 300w\" sizes=\"(max-width: 434px) 100vw, 434px\" \/>\t\t\t\t\t\t\t\t\t\t\t\t\t<\/div>\n\t\t\t\t<\/div>\n\t\t\t\t<\/div>\n\t\t<div class=\"elementor-element elementor-element-6b54321a e-con-full e-flex e-con e-child\" data-id=\"6b54321a\" data-element_type=\"container\">\n\t\t\t\t<div class=\"elementor-element elementor-element-da79e9f elementor-widget elementor-widget-image\" data-id=\"da79e9f\" data-element_type=\"widget\" data-widget_type=\"image.default\">\n\t\t\t\t<div class=\"elementor-widget-container\">\n\t\t\t\t\t\t\t\t\t\t\t\t\t<img decoding=\"async\" width=\"434\" height=\"315\" src=\"https:\/\/brasiladentro.org.br\/wp-content\/uploads\/2024\/11\/empreender2-Instituto-Brasil-Adentro.png\" class=\"attachment-large size-large wp-image-418\" alt=\"\" srcset=\"https:\/\/brasiladentro.org.br\/wp-content\/uploads\/2024\/11\/empreender2-Instituto-Brasil-Adentro.png 434w, https:\/\/brasiladentro.org.br\/wp-content\/uploads\/2024\/11\/empreender2-Instituto-Brasil-Adentro-300x218.png 300w\" sizes=\"(max-width: 434px) 100vw, 434px\" \/>\t\t\t\t\t\t\t\t\t\t\t\t\t<\/div>\n\t\t\t\t<\/div>\n\t\t\t\t<\/div>\n\t\t\t\t\t<\/div>\n\t\t\t\t<\/div>\n\t\t\t\t<\/div>\n\t\t","protected":false},"excerpt":{"rendered":"<p>2019 e 2020 Por meio de um Termo de Fomento com a Subsecretaria de Integra\u00e7\u00e3o de A\u00e7\u00f5es Sociais da Secretaria de Estado do Trabalho do Distrito Federal, foi desenvolvido o Curso de Empreendedorismo \u2013 Empreender 360\u00b0, com uma carga hor\u00e1ria total de 200 horas. O curso foi estruturado com o objetivo de capacitar egressos ou [&hellip;]<\/p>\n","protected":false},"author":1,"featured_media":417,"parent":0,"menu_order":0,"comment_status":"closed","ping_status":"closed","template":"","meta":{"footnotes":""},"class_list":["post-387","page","type-page","status-publish","has-post-thumbnail","hentry"],"_links":{"self":[{"href":"https:\/\/brasiladentro.org.br\/index.php\/wp-json\/wp\/v2\/pages\/387","targetHints":{"allow":["GET"]}}],"collection":[{"href":"https:\/\/brasiladentro.org.br\/index.php\/wp-json\/wp\/v2\/pages"}],"about":[{"href":"https:\/\/brasiladentro.org.br\/index.php\/wp-json\/wp\/v2\/types\/page"}],"author":[{"embeddable":true,"href":"https:\/\/brasiladentro.org.br\/index.php\/wp-json\/wp\/v2\/users\/1"}],"replies":[{"embeddable":true,"href":"https:\/\/brasiladentro.org.br\/index.php\/wp-json\/wp\/v2\/comments?post=387"}],"version-history":[{"count":7,"href":"https:\/\/brasiladentro.org.br\/index.php\/wp-json\/wp\/v2\/pages\/387\/revisions"}],"predecessor-version":[{"id":456,"href":"https:\/\/brasiladentro.org.br\/index.php\/wp-json\/wp\/v2\/pages\/387\/revisions\/456"}],"wp:featuredmedia":[{"embeddable":true,"href":"https:\/\/brasiladentro.org.br\/index.php\/wp-json\/wp\/v2\/media\/417"}],"wp:attachment":[{"href":"https:\/\/brasiladentro.org.br\/index.php\/wp-json\/wp\/v2\/media?parent=387"}],"curies":[{"name":"wp","href":"https:\/\/api.w.org\/{rel}","templated":true}]}}