{"id":386,"date":"2024-11-02T04:15:43","date_gmt":"2024-11-02T04:15:43","guid":{"rendered":"https:\/\/brasiladentro.org.br\/?page_id=386"},"modified":"2024-11-02T04:41:37","modified_gmt":"2024-11-02T04:41:37","slug":"curso-de-formacao-em-tecnico-de-agente-comunitario-de-saude-tacs","status":"publish","type":"page","link":"https:\/\/brasiladentro.org.br\/index.php\/curso-de-formacao-em-tecnico-de-agente-comunitario-de-saude-tacs\/","title":{"rendered":"Curso de Forma\u00e7\u00e3o em T\u00e9cnico de Agente Comunit\u00e1rio de Sa\u00fade &#8211; TACS"},"content":{"rendered":"\t\t<div data-elementor-type=\"wp-page\" data-elementor-id=\"386\" class=\"elementor elementor-386\">\n\t\t\t\t<div class=\"elementor-element elementor-element-5e8c0250 e-flex e-con-boxed e-con e-parent\" data-id=\"5e8c0250\" data-element_type=\"container\" data-settings=\"{&quot;background_background&quot;:&quot;classic&quot;,&quot;shape_divider_bottom&quot;:&quot;mountains&quot;}\">\n\t\t\t\t\t<div class=\"e-con-inner\">\n\t\t\t\t<div class=\"elementor-shape elementor-shape-bottom\" data-negative=\"false\">\n\t\t\t<svg xmlns=\"http:\/\/www.w3.org\/2000\/svg\" viewBox=\"0 0 1000 100\" preserveAspectRatio=\"none\">\n\t<path class=\"elementor-shape-fill\" opacity=\"0.33\" d=\"M473,67.3c-203.9,88.3-263.1-34-320.3,0C66,119.1,0,59.7,0,59.7V0h1000v59.7 c0,0-62.1,26.1-94.9,29.3c-32.8,3.3-62.8-12.3-75.8-22.1C806,49.6,745.3,8.7,694.9,4.7S492.4,59,473,67.3z\"\/>\n\t<path class=\"elementor-shape-fill\" opacity=\"0.66\" d=\"M734,67.3c-45.5,0-77.2-23.2-129.1-39.1c-28.6-8.7-150.3-10.1-254,39.1 s-91.7-34.4-149.2,0C115.7,118.3,0,39.8,0,39.8V0h1000v36.5c0,0-28.2-18.5-92.1-18.5C810.2,18.1,775.7,67.3,734,67.3z\"\/>\n\t<path class=\"elementor-shape-fill\" d=\"M766.1,28.9c-200-57.5-266,65.5-395.1,19.5C242,1.8,242,5.4,184.8,20.6C128,35.8,132.3,44.9,89.9,52.5C28.6,63.7,0,0,0,0 h1000c0,0-9.9,40.9-83.6,48.1S829.6,47,766.1,28.9z\"\/>\n<\/svg>\t\t<\/div>\n\t\t\t\t<div class=\"elementor-element elementor-element-58f9742c elementor-widget elementor-widget-heading\" data-id=\"58f9742c\" data-element_type=\"widget\" data-widget_type=\"heading.default\">\n\t\t\t\t<div class=\"elementor-widget-container\">\n\t\t\t<h2 class=\"elementor-heading-title elementor-size-default\">Curso de Forma\u00e7\u00e3o em T\u00e9cnico de Agente Comunit\u00e1rio de Sa\u00fade &#8211; TACS<\/h2>\t\t<\/div>\n\t\t\t\t<\/div>\n\t\t\t\t<div class=\"elementor-element elementor-element-1b06724e elementor-widget elementor-widget-heading\" data-id=\"1b06724e\" data-element_type=\"widget\" data-widget_type=\"heading.default\">\n\t\t\t\t<div class=\"elementor-widget-container\">\n\t\t\t<h2 class=\"elementor-heading-title elementor-size-default\">2021 e 2022<\/h2>\t\t<\/div>\n\t\t\t\t<\/div>\n\t\t\t\t\t<\/div>\n\t\t\t\t<\/div>\n\t\t<div class=\"elementor-element elementor-element-561e1b4e e-flex e-con-boxed e-con e-parent\" data-id=\"561e1b4e\" data-element_type=\"container\">\n\t\t\t\t\t<div class=\"e-con-inner\">\n\t\t\t\t<div class=\"elementor-element elementor-element-1db64dd0 elementor-widget elementor-widget-text-editor\" data-id=\"1db64dd0\" data-element_type=\"widget\" data-widget_type=\"text-editor.default\">\n\t\t\t\t<div class=\"elementor-widget-container\">\n\t\t\t\t\t\t\t<p>O <strong>Curso de Forma\u00e7\u00e3o em T\u00e9cnico de Agente Comunit\u00e1rio de Sa\u00fade<\/strong> (TACS), desenvolvido em parceria com a Assembleia Legislativa do Estado do Mato Grosso, foi implementado entre 2021 e 2022 em todo o territ\u00f3rio mato-grossense. O curso foi estruturado em m\u00faltiplos polos regionais, abrangendo cidades estrat\u00e9gicas como Cuiab\u00e1, C\u00e1rceres, Rondon\u00f3polis, Barra do Gar\u00e7as, Sinop, \u00c1gua Boa e Campo Verde, entre outras, para garantir ampla cobertura e acessibilidade.<\/p><p><br \/>Com uma carga hor\u00e1ria total de <b>1.200 horas<\/b>, o curso formou <b>2.780<\/b> agentes comunit\u00e1rios de sa\u00fade, que receberam certifica\u00e7\u00e3o oficial reconhecida pelo <b>Minist\u00e9rio da Educa\u00e7\u00e3o (MEC)<\/b>. O curr\u00edculo do curso foi cuidadosamente elaborado para incluir um treinamento t\u00e9cnico abrangente, com \u00eanfase em habilidades pr\u00e1ticas e te\u00f3ricas essenciais para a execu\u00e7\u00e3o eficaz das fun\u00e7\u00f5es de sa\u00fade comunit\u00e1ria. O curso buscou n\u00e3o apenas qualificar os profissionais, mas tamb\u00e9m aprimorar suas compet\u00eancias e prepar\u00e1-los para enfrentar os desafios da sa\u00fade p\u00fablica em suas respectivas comunidades.<\/p>\t\t\t\t\t\t<\/div>\n\t\t\t\t<\/div>\n\t\t\t\t\t<\/div>\n\t\t\t\t<\/div>\n\t\t<div class=\"elementor-element elementor-element-21bb9e5 e-flex e-con-boxed e-con e-parent\" data-id=\"21bb9e5\" data-element_type=\"container\">\n\t\t\t\t\t<div class=\"e-con-inner\">\n\t\t<div class=\"elementor-element elementor-element-cbc7810 e-con-full e-flex e-con e-child\" data-id=\"cbc7810\" data-element_type=\"container\">\n\t\t\t\t<div class=\"elementor-element elementor-element-a459029 elementor-widget elementor-widget-premium-counter\" data-id=\"a459029\" data-element_type=\"widget\" data-widget_type=\"premium-counter.default\">\n\t\t\t\t<div class=\"elementor-widget-container\">\n\t\t\t\n\t\t<div class=\"premium-counter premium-counter-area top\" data-duration=\"3000\" data-from-value=\"0\" data-to-value=\"2780\" data-delimiter=\",\" data-rounding=\"0\">\n\t\t\t\n\t\t<div class=\"premium-counter-icon\">\n\n\t\t\t<span class=\"icon\" data-animation=\"\">\n\n\t\t\t\t\t\t\t\t\t<i class=\"premium-svg-nodraw premium-drawable-icon fas fa-user-graduate\" aria-hidden=\"true\"><\/i>\n\t\t\t\t\n\t\t\t<\/span>\n\t\t<\/div>\n\n\t\t\n\t\t<div class=\"premium-init-wrapper column\">\n\n\t\t\t<div class=\"premium-counter-value-wrap\">\n\t\t\t\t\n\t\t\t\t<span class=\"premium-counter-init\" id=\"counter-a459029\">0<\/span>\n\n\t\t\t\t\t\t\t<\/div>\n\n\t\t\t\t\t\t\t<div class=\"premium-counter-title\">\n\t\t\t\t\t<p class=\"premium-counter-title-val\">\n\t\t\t\t\t\tAgentes Comunit\u00e1rios de Sa\u00fade\t\t\t\t\t<\/p>\n\t\t\t\t\t\t\t\t\t<\/div>\n\t\t\t\t\t<\/div>\n\n\t\t\t\t<\/div>\n\n\t\t\t\t<\/div>\n\t\t\t\t<\/div>\n\t\t\t\t<\/div>\n\t\t<div class=\"elementor-element elementor-element-c826654 e-con-full e-flex e-con e-child\" data-id=\"c826654\" data-element_type=\"container\">\n\t\t\t\t<div class=\"elementor-element elementor-element-f841532 elementor-widget elementor-widget-premium-counter\" data-id=\"f841532\" data-element_type=\"widget\" data-widget_type=\"premium-counter.default\">\n\t\t\t\t<div class=\"elementor-widget-container\">\n\t\t\t\n\t\t<div class=\"premium-counter premium-counter-area top\" data-duration=\"3000\" data-from-value=\"0\" data-to-value=\"1200\" data-delimiter=\",\" data-rounding=\"0\">\n\t\t\t\n\t\t<div class=\"premium-counter-icon\">\n\n\t\t\t<span class=\"icon\" data-animation=\"\">\n\n\t\t\t\t\t\t\t\t\t<i class=\"premium-svg-nodraw premium-drawable-icon fas fa-clock\" aria-hidden=\"true\"><\/i>\n\t\t\t\t\n\t\t\t<\/span>\n\t\t<\/div>\n\n\t\t\n\t\t<div class=\"premium-init-wrapper column\">\n\n\t\t\t<div class=\"premium-counter-value-wrap\">\n\t\t\t\t\n\t\t\t\t<span class=\"premium-counter-init\" id=\"counter-f841532\">0<\/span>\n\n\t\t\t\t\t\t\t<\/div>\n\n\t\t\t\t\t\t\t<div class=\"premium-counter-title\">\n\t\t\t\t\t<p class=\"premium-counter-title-val\">\n\t\t\t\t\t\tCarga hor\u00e1ria\t\t\t\t\t<\/p>\n\t\t\t\t\t\t\t\t\t<\/div>\n\t\t\t\t\t<\/div>\n\n\t\t\t\t<\/div>\n\n\t\t\t\t<\/div>\n\t\t\t\t<\/div>\n\t\t\t\t<\/div>\n\t\t\t\t\t<\/div>\n\t\t\t\t<\/div>\n\t\t<div class=\"elementor-element elementor-element-75c99552 e-flex e-con-boxed e-con e-parent\" data-id=\"75c99552\" data-element_type=\"container\">\n\t\t\t\t\t<div class=\"e-con-inner\">\n\t\t<div class=\"elementor-element elementor-element-798bdd5b e-con-full e-flex e-con e-child\" data-id=\"798bdd5b\" data-element_type=\"container\">\n\t\t\t\t<div class=\"elementor-element elementor-element-218d49dc elementor-widget elementor-widget-image\" data-id=\"218d49dc\" data-element_type=\"widget\" data-widget_type=\"image.default\">\n\t\t\t\t<div class=\"elementor-widget-container\">\n\t\t\t\t\t\t\t\t\t\t\t\t\t<img fetchpriority=\"high\" decoding=\"async\" width=\"434\" height=\"315\" src=\"https:\/\/brasiladentro.org.br\/wp-content\/uploads\/2024\/11\/tacs-Instituto-Brasil-Adentro.png\" class=\"attachment-large size-large wp-image-407\" alt=\"\" srcset=\"https:\/\/brasiladentro.org.br\/wp-content\/uploads\/2024\/11\/tacs-Instituto-Brasil-Adentro.png 434w, https:\/\/brasiladentro.org.br\/wp-content\/uploads\/2024\/11\/tacs-Instituto-Brasil-Adentro-300x218.png 300w\" sizes=\"(max-width: 434px) 100vw, 434px\" \/>\t\t\t\t\t\t\t\t\t\t\t\t\t<\/div>\n\t\t\t\t<\/div>\n\t\t\t\t<\/div>\n\t\t<div class=\"elementor-element elementor-element-6b54321a e-con-full e-flex e-con e-child\" data-id=\"6b54321a\" data-element_type=\"container\">\n\t\t\t\t<div class=\"elementor-element elementor-element-da79e9f elementor-widget elementor-widget-image\" data-id=\"da79e9f\" data-element_type=\"widget\" data-widget_type=\"image.default\">\n\t\t\t\t<div class=\"elementor-widget-container\">\n\t\t\t\t\t\t\t\t\t\t\t\t\t<img decoding=\"async\" width=\"434\" height=\"315\" src=\"https:\/\/brasiladentro.org.br\/wp-content\/uploads\/2024\/11\/tacs2-Instituto-Brasil-Adentro.png\" class=\"attachment-large size-large wp-image-408\" alt=\"\" srcset=\"https:\/\/brasiladentro.org.br\/wp-content\/uploads\/2024\/11\/tacs2-Instituto-Brasil-Adentro.png 434w, https:\/\/brasiladentro.org.br\/wp-content\/uploads\/2024\/11\/tacs2-Instituto-Brasil-Adentro-300x218.png 300w\" sizes=\"(max-width: 434px) 100vw, 434px\" \/>\t\t\t\t\t\t\t\t\t\t\t\t\t<\/div>\n\t\t\t\t<\/div>\n\t\t\t\t<\/div>\n\t\t\t\t\t<\/div>\n\t\t\t\t<\/div>\n\t\t\t\t<\/div>\n\t\t","protected":false},"excerpt":{"rendered":"<p>2021 e 2022 O Curso de Forma\u00e7\u00e3o em T\u00e9cnico de Agente Comunit\u00e1rio de Sa\u00fade (TACS), desenvolvido em parceria com a Assembleia Legislativa do Estado do Mato Grosso, foi implementado entre 2021 e 2022 em todo o territ\u00f3rio mato-grossense. O curso foi estruturado em m\u00faltiplos polos regionais, abrangendo cidades estrat\u00e9gicas como Cuiab\u00e1, C\u00e1rceres, Rondon\u00f3polis, Barra do [&hellip;]<\/p>\n","protected":false},"author":1,"featured_media":407,"parent":0,"menu_order":0,"comment_status":"closed","ping_status":"closed","template":"","meta":{"footnotes":""},"class_list":["post-386","page","type-page","status-publish","has-post-thumbnail","hentry"],"_links":{"self":[{"href":"https:\/\/brasiladentro.org.br\/index.php\/wp-json\/wp\/v2\/pages\/386","targetHints":{"allow":["GET"]}}],"collection":[{"href":"https:\/\/brasiladentro.org.br\/index.php\/wp-json\/wp\/v2\/pages"}],"about":[{"href":"https:\/\/brasiladentro.org.br\/index.php\/wp-json\/wp\/v2\/types\/page"}],"author":[{"embeddable":true,"href":"https:\/\/brasiladentro.org.br\/index.php\/wp-json\/wp\/v2\/users\/1"}],"replies":[{"embeddable":true,"href":"https:\/\/brasiladentro.org.br\/index.php\/wp-json\/wp\/v2\/comments?post=386"}],"version-history":[{"count":11,"href":"https:\/\/brasiladentro.org.br\/index.php\/wp-json\/wp\/v2\/pages\/386\/revisions"}],"predecessor-version":[{"id":450,"href":"https:\/\/brasiladentro.org.br\/index.php\/wp-json\/wp\/v2\/pages\/386\/revisions\/450"}],"wp:featuredmedia":[{"embeddable":true,"href":"https:\/\/brasiladentro.org.br\/index.php\/wp-json\/wp\/v2\/media\/407"}],"wp:attachment":[{"href":"https:\/\/brasiladentro.org.br\/index.php\/wp-json\/wp\/v2\/media?parent=386"}],"curies":[{"name":"wp","href":"https:\/\/api.w.org\/{rel}","templated":true}]}}