{"id":370,"date":"2024-11-02T03:28:30","date_gmt":"2024-11-02T03:28:30","guid":{"rendered":"https:\/\/brasiladentro.org.br\/?page_id=370"},"modified":"2024-11-02T04:37:02","modified_gmt":"2024-11-02T04:37:02","slug":"curso-de-atualizacao-de-agentes-de-transito-rodoviario-caatr","status":"publish","type":"page","link":"https:\/\/brasiladentro.org.br\/index.php\/curso-de-atualizacao-de-agentes-de-transito-rodoviario-caatr\/","title":{"rendered":"Curso de Atualiza\u00e7\u00e3o de Agentes de Tr\u00e2nsito Rodovi\u00e1rio CAATR"},"content":{"rendered":"\t\t<div data-elementor-type=\"wp-page\" data-elementor-id=\"370\" class=\"elementor elementor-370\">\n\t\t\t\t<div class=\"elementor-element elementor-element-5e8c0250 e-flex e-con-boxed e-con e-parent\" data-id=\"5e8c0250\" data-element_type=\"container\" data-settings=\"{&quot;background_background&quot;:&quot;classic&quot;,&quot;shape_divider_bottom&quot;:&quot;mountains&quot;}\">\n\t\t\t\t\t<div class=\"e-con-inner\">\n\t\t\t\t<div class=\"elementor-shape elementor-shape-bottom\" data-negative=\"false\">\n\t\t\t<svg xmlns=\"http:\/\/www.w3.org\/2000\/svg\" viewBox=\"0 0 1000 100\" preserveAspectRatio=\"none\">\n\t<path class=\"elementor-shape-fill\" opacity=\"0.33\" d=\"M473,67.3c-203.9,88.3-263.1-34-320.3,0C66,119.1,0,59.7,0,59.7V0h1000v59.7 c0,0-62.1,26.1-94.9,29.3c-32.8,3.3-62.8-12.3-75.8-22.1C806,49.6,745.3,8.7,694.9,4.7S492.4,59,473,67.3z\"\/>\n\t<path class=\"elementor-shape-fill\" opacity=\"0.66\" d=\"M734,67.3c-45.5,0-77.2-23.2-129.1-39.1c-28.6-8.7-150.3-10.1-254,39.1 s-91.7-34.4-149.2,0C115.7,118.3,0,39.8,0,39.8V0h1000v36.5c0,0-28.2-18.5-92.1-18.5C810.2,18.1,775.7,67.3,734,67.3z\"\/>\n\t<path class=\"elementor-shape-fill\" d=\"M766.1,28.9c-200-57.5-266,65.5-395.1,19.5C242,1.8,242,5.4,184.8,20.6C128,35.8,132.3,44.9,89.9,52.5C28.6,63.7,0,0,0,0 h1000c0,0-9.9,40.9-83.6,48.1S829.6,47,766.1,28.9z\"\/>\n<\/svg>\t\t<\/div>\n\t\t\t\t<div class=\"elementor-element elementor-element-58f9742c elementor-widget elementor-widget-heading\" data-id=\"58f9742c\" data-element_type=\"widget\" data-widget_type=\"heading.default\">\n\t\t\t\t<div class=\"elementor-widget-container\">\n\t\t\t<h2 class=\"elementor-heading-title elementor-size-default\">Curso de Atualiza\u00e7\u00e3o de Agentes de Tr\u00e2nsito Rodovi\u00e1rio CAATR<\/h2>\t\t<\/div>\n\t\t\t\t<\/div>\n\t\t\t\t<div class=\"elementor-element elementor-element-1b06724e elementor-widget elementor-widget-heading\" data-id=\"1b06724e\" data-element_type=\"widget\" data-widget_type=\"heading.default\">\n\t\t\t\t<div class=\"elementor-widget-container\">\n\t\t\t<h2 class=\"elementor-heading-title elementor-size-default\">2023<\/h2>\t\t<\/div>\n\t\t\t\t<\/div>\n\t\t\t\t\t<\/div>\n\t\t\t\t<\/div>\n\t\t<div class=\"elementor-element elementor-element-561e1b4e e-flex e-con-boxed e-con e-parent\" data-id=\"561e1b4e\" data-element_type=\"container\">\n\t\t\t\t\t<div class=\"e-con-inner\">\n\t\t\t\t<div class=\"elementor-element elementor-element-1db64dd0 elementor-widget elementor-widget-text-editor\" data-id=\"1db64dd0\" data-element_type=\"widget\" data-widget_type=\"text-editor.default\">\n\t\t\t\t<div class=\"elementor-widget-container\">\n\t\t\t\t\t\t\t<p>O <strong>Curso de Atualiza\u00e7\u00e3o dos Agentes de Tr\u00e2nsito Rodovi\u00e1rio (CAATR)<\/strong> foi conduzido em colabora\u00e7\u00e3o com o <strong>Departamento de Estradas de Rodagem (DER)<\/strong> do Distrito Federal, com o objetivo de capacitar <strong>230<\/strong> agentes de tr\u00e2nsito que operam nas rodovias estaduais. Com uma carga hor\u00e1ria total de <strong>50 horas<\/strong>, o curso foi estruturado para fornecer um equil\u00edbrio entre teoria e pr\u00e1tica. Foram alocadas 26 horas para aulas te\u00f3ricas, realizadas na plataforma digital do Instituto Brasil Adentro, e 24 horas dedicadas a atividades pr\u00e1ticas.<\/p><p>O conte\u00fado do curso foi cuidadosamente elaborado para atender \u00e0s necessidades espec\u00edficas dos agentes, com foco em aprimorar suas compet\u00eancias em fiscaliza\u00e7\u00e3o e controle nas rodovias.<\/p><p>O curr\u00edculo incluiu t\u00f3picos avan\u00e7ados e t\u00e9cnicas atualizadas para garantir que os agentes estivessem plenamente preparados para enfrentar os desafios de sua fun\u00e7\u00e3o, melhorando a efici\u00eancia e a seguran\u00e7a nas estradas estaduais.<\/p>\t\t\t\t\t\t<\/div>\n\t\t\t\t<\/div>\n\t\t\t\t\t<\/div>\n\t\t\t\t<\/div>\n\t\t<div class=\"elementor-element elementor-element-f85b505 e-flex e-con-boxed e-con e-parent\" data-id=\"f85b505\" data-element_type=\"container\">\n\t\t\t\t\t<div class=\"e-con-inner\">\n\t\t<div class=\"elementor-element elementor-element-a0d1fdc e-con-full e-flex e-con e-child\" data-id=\"a0d1fdc\" data-element_type=\"container\">\n\t\t\t\t<div class=\"elementor-element elementor-element-32b598d elementor-widget elementor-widget-premium-counter\" data-id=\"32b598d\" data-element_type=\"widget\" data-widget_type=\"premium-counter.default\">\n\t\t\t\t<div class=\"elementor-widget-container\">\n\t\t\t\n\t\t<div class=\"premium-counter premium-counter-area top\" data-duration=\"3000\" data-from-value=\"0\" data-to-value=\"230\" data-delimiter=\",\" data-rounding=\"0\">\n\t\t\t\n\t\t<div class=\"premium-counter-icon\">\n\n\t\t\t<span class=\"icon\" data-animation=\"\">\n\n\t\t\t\t\t\t\t\t\t<i class=\"premium-svg-nodraw premium-drawable-icon fas fa-user-graduate\" aria-hidden=\"true\"><\/i>\n\t\t\t\t\n\t\t\t<\/span>\n\t\t<\/div>\n\n\t\t\n\t\t<div class=\"premium-init-wrapper column\">\n\n\t\t\t<div class=\"premium-counter-value-wrap\">\n\t\t\t\t\n\t\t\t\t<span class=\"premium-counter-init\" id=\"counter-32b598d\">0<\/span>\n\n\t\t\t\t\t\t\t<\/div>\n\n\t\t\t\t\t\t\t<div class=\"premium-counter-title\">\n\t\t\t\t\t<p class=\"premium-counter-title-val\">\n\t\t\t\t\t\tAgentes Capacitados\t\t\t\t\t<\/p>\n\t\t\t\t\t\t\t\t\t<\/div>\n\t\t\t\t\t<\/div>\n\n\t\t\t\t<\/div>\n\n\t\t\t\t<\/div>\n\t\t\t\t<\/div>\n\t\t\t\t<\/div>\n\t\t<div class=\"elementor-element elementor-element-1c0dd51 e-con-full e-flex e-con e-child\" data-id=\"1c0dd51\" data-element_type=\"container\">\n\t\t\t\t<div class=\"elementor-element elementor-element-49c1a4c elementor-widget elementor-widget-premium-counter\" data-id=\"49c1a4c\" data-element_type=\"widget\" data-widget_type=\"premium-counter.default\">\n\t\t\t\t<div class=\"elementor-widget-container\">\n\t\t\t\n\t\t<div class=\"premium-counter premium-counter-area top\" data-duration=\"3000\" data-from-value=\"0\" data-to-value=\"50\" data-delimiter=\",\" data-rounding=\"0\">\n\t\t\t\n\t\t<div class=\"premium-counter-icon\">\n\n\t\t\t<span class=\"icon\" data-animation=\"\">\n\n\t\t\t\t\t\t\t\t\t<i class=\"premium-svg-nodraw premium-drawable-icon fas fa-clock\" aria-hidden=\"true\"><\/i>\n\t\t\t\t\n\t\t\t<\/span>\n\t\t<\/div>\n\n\t\t\n\t\t<div class=\"premium-init-wrapper column\">\n\n\t\t\t<div class=\"premium-counter-value-wrap\">\n\t\t\t\t\n\t\t\t\t<span class=\"premium-counter-init\" id=\"counter-49c1a4c\">0<\/span>\n\n\t\t\t\t\t\t\t<\/div>\n\n\t\t\t\t\t\t\t<div class=\"premium-counter-title\">\n\t\t\t\t\t<p class=\"premium-counter-title-val\">\n\t\t\t\t\t\tCarga hor\u00e1ria\t\t\t\t\t<\/p>\n\t\t\t\t\t\t\t\t\t<\/div>\n\t\t\t\t\t<\/div>\n\n\t\t\t\t<\/div>\n\n\t\t\t\t<\/div>\n\t\t\t\t<\/div>\n\t\t\t\t<\/div>\n\t\t\t\t\t<\/div>\n\t\t\t\t<\/div>\n\t\t<div class=\"elementor-element elementor-element-75c99552 e-flex e-con-boxed e-con e-parent\" data-id=\"75c99552\" data-element_type=\"container\">\n\t\t\t\t\t<div class=\"e-con-inner\">\n\t\t<div class=\"elementor-element elementor-element-798bdd5b e-con-full e-flex e-con e-child\" data-id=\"798bdd5b\" data-element_type=\"container\">\n\t\t\t\t<div class=\"elementor-element elementor-element-218d49dc elementor-widget elementor-widget-image\" data-id=\"218d49dc\" data-element_type=\"widget\" data-widget_type=\"image.default\">\n\t\t\t\t<div class=\"elementor-widget-container\">\n\t\t\t\t\t\t\t\t\t\t\t\t\t<img fetchpriority=\"high\" decoding=\"async\" width=\"434\" height=\"315\" src=\"https:\/\/brasiladentro.org.br\/wp-content\/uploads\/2024\/11\/Caat-brasil-adentro-2-Instituto-Brasil-Adentro.png\" class=\"attachment-large size-large wp-image-376\" alt=\"\" srcset=\"https:\/\/brasiladentro.org.br\/wp-content\/uploads\/2024\/11\/Caat-brasil-adentro-2-Instituto-Brasil-Adentro.png 434w, https:\/\/brasiladentro.org.br\/wp-content\/uploads\/2024\/11\/Caat-brasil-adentro-2-Instituto-Brasil-Adentro-300x218.png 300w\" sizes=\"(max-width: 434px) 100vw, 434px\" \/>\t\t\t\t\t\t\t\t\t\t\t\t\t<\/div>\n\t\t\t\t<\/div>\n\t\t\t\t<\/div>\n\t\t<div class=\"elementor-element elementor-element-6b54321a e-con-full e-flex e-con e-child\" data-id=\"6b54321a\" data-element_type=\"container\">\n\t\t\t\t<div class=\"elementor-element elementor-element-da79e9f elementor-widget elementor-widget-image\" data-id=\"da79e9f\" data-element_type=\"widget\" data-widget_type=\"image.default\">\n\t\t\t\t<div class=\"elementor-widget-container\">\n\t\t\t\t\t\t\t\t\t\t\t\t\t<img decoding=\"async\" width=\"434\" height=\"315\" src=\"https:\/\/brasiladentro.org.br\/wp-content\/uploads\/2024\/11\/Caat-Instituto-Brasil-Adentro.png\" class=\"attachment-large size-large wp-image-377\" alt=\"\" srcset=\"https:\/\/brasiladentro.org.br\/wp-content\/uploads\/2024\/11\/Caat-Instituto-Brasil-Adentro.png 434w, https:\/\/brasiladentro.org.br\/wp-content\/uploads\/2024\/11\/Caat-Instituto-Brasil-Adentro-300x218.png 300w\" sizes=\"(max-width: 434px) 100vw, 434px\" \/>\t\t\t\t\t\t\t\t\t\t\t\t\t<\/div>\n\t\t\t\t<\/div>\n\t\t\t\t<\/div>\n\t\t\t\t\t<\/div>\n\t\t\t\t<\/div>\n\t\t\t\t<\/div>\n\t\t","protected":false},"excerpt":{"rendered":"<p>2023 O Curso de Atualiza\u00e7\u00e3o dos Agentes de Tr\u00e2nsito Rodovi\u00e1rio (CAATR) foi conduzido em colabora\u00e7\u00e3o com o Departamento de Estradas de Rodagem (DER) do Distrito Federal, com o objetivo de capacitar 230 agentes de tr\u00e2nsito que operam nas rodovias estaduais. Com uma carga hor\u00e1ria total de 50 horas, o curso foi estruturado para fornecer um [&hellip;]<\/p>\n","protected":false},"author":1,"featured_media":376,"parent":0,"menu_order":0,"comment_status":"closed","ping_status":"closed","template":"","meta":{"footnotes":""},"class_list":["post-370","page","type-page","status-publish","has-post-thumbnail","hentry"],"_links":{"self":[{"href":"https:\/\/brasiladentro.org.br\/index.php\/wp-json\/wp\/v2\/pages\/370","targetHints":{"allow":["GET"]}}],"collection":[{"href":"https:\/\/brasiladentro.org.br\/index.php\/wp-json\/wp\/v2\/pages"}],"about":[{"href":"https:\/\/brasiladentro.org.br\/index.php\/wp-json\/wp\/v2\/types\/page"}],"author":[{"embeddable":true,"href":"https:\/\/brasiladentro.org.br\/index.php\/wp-json\/wp\/v2\/users\/1"}],"replies":[{"embeddable":true,"href":"https:\/\/brasiladentro.org.br\/index.php\/wp-json\/wp\/v2\/comments?post=370"}],"version-history":[{"count":14,"href":"https:\/\/brasiladentro.org.br\/index.php\/wp-json\/wp\/v2\/pages\/370\/revisions"}],"predecessor-version":[{"id":437,"href":"https:\/\/brasiladentro.org.br\/index.php\/wp-json\/wp\/v2\/pages\/370\/revisions\/437"}],"wp:featuredmedia":[{"embeddable":true,"href":"https:\/\/brasiladentro.org.br\/index.php\/wp-json\/wp\/v2\/media\/376"}],"wp:attachment":[{"href":"https:\/\/brasiladentro.org.br\/index.php\/wp-json\/wp\/v2\/media?parent=370"}],"curies":[{"name":"wp","href":"https:\/\/api.w.org\/{rel}","templated":true}]}}