{"id":274,"date":"2024-10-21T13:33:15","date_gmt":"2024-10-21T13:33:15","guid":{"rendered":"https:\/\/brasiladentro.org.br\/?page_id=274"},"modified":"2024-10-21T14:23:18","modified_gmt":"2024-10-21T14:23:18","slug":"acao-de-fortalecimento-do-vinculo-escola-familia-na-comunidade","status":"publish","type":"page","link":"https:\/\/brasiladentro.org.br\/index.php\/acao-de-fortalecimento-do-vinculo-escola-familia-na-comunidade\/","title":{"rendered":"A\u00e7\u00e3o de Fortalecimento do V\u00ednculo Escola Fam\u00edlia na Comunidade"},"content":{"rendered":"\t\t<div data-elementor-type=\"wp-page\" data-elementor-id=\"274\" class=\"elementor elementor-274\">\n\t\t\t\t<div class=\"elementor-element elementor-element-70de1296 e-flex e-con-boxed e-con e-parent\" data-id=\"70de1296\" data-element_type=\"container\" data-settings=\"{&quot;background_background&quot;:&quot;classic&quot;,&quot;shape_divider_bottom&quot;:&quot;mountains&quot;}\">\n\t\t\t\t\t<div class=\"e-con-inner\">\n\t\t\t\t<div class=\"elementor-shape elementor-shape-bottom\" data-negative=\"false\">\n\t\t\t<svg xmlns=\"http:\/\/www.w3.org\/2000\/svg\" viewBox=\"0 0 1000 100\" preserveAspectRatio=\"none\">\n\t<path class=\"elementor-shape-fill\" opacity=\"0.33\" d=\"M473,67.3c-203.9,88.3-263.1-34-320.3,0C66,119.1,0,59.7,0,59.7V0h1000v59.7 c0,0-62.1,26.1-94.9,29.3c-32.8,3.3-62.8-12.3-75.8-22.1C806,49.6,745.3,8.7,694.9,4.7S492.4,59,473,67.3z\"\/>\n\t<path class=\"elementor-shape-fill\" opacity=\"0.66\" d=\"M734,67.3c-45.5,0-77.2-23.2-129.1-39.1c-28.6-8.7-150.3-10.1-254,39.1 s-91.7-34.4-149.2,0C115.7,118.3,0,39.8,0,39.8V0h1000v36.5c0,0-28.2-18.5-92.1-18.5C810.2,18.1,775.7,67.3,734,67.3z\"\/>\n\t<path class=\"elementor-shape-fill\" d=\"M766.1,28.9c-200-57.5-266,65.5-395.1,19.5C242,1.8,242,5.4,184.8,20.6C128,35.8,132.3,44.9,89.9,52.5C28.6,63.7,0,0,0,0 h1000c0,0-9.9,40.9-83.6,48.1S829.6,47,766.1,28.9z\"\/>\n<\/svg>\t\t<\/div>\n\t\t\t\t<div class=\"elementor-element elementor-element-e61854f elementor-widget elementor-widget-heading\" data-id=\"e61854f\" data-element_type=\"widget\" data-widget_type=\"heading.default\">\n\t\t\t\t<div class=\"elementor-widget-container\">\n\t\t\t<h2 class=\"elementor-heading-title elementor-size-default\">A\u00c7\u00c3O DE FORTALECIMENTO DO\nV\u00cdNCULO ESCOLA FAM\u00cdLIA NA COMUNIDADE<\/h2>\t\t<\/div>\n\t\t\t\t<\/div>\n\t\t\t\t<div class=\"elementor-element elementor-element-5a9483ca elementor-widget elementor-widget-heading\" data-id=\"5a9483ca\" data-element_type=\"widget\" data-widget_type=\"heading.default\">\n\t\t\t\t<div class=\"elementor-widget-container\">\n\t\t\t<h2 class=\"elementor-heading-title elementor-size-default\">2016 a 2020<\/h2>\t\t<\/div>\n\t\t\t\t<\/div>\n\t\t\t\t\t<\/div>\n\t\t\t\t<\/div>\n\t\t<div class=\"elementor-element elementor-element-1fedb95a e-flex e-con-boxed e-con e-parent\" data-id=\"1fedb95a\" data-element_type=\"container\">\n\t\t\t\t\t<div class=\"e-con-inner\">\n\t\t\t\t<div class=\"elementor-element elementor-element-c919ccd elementor-widget elementor-widget-text-editor\" data-id=\"c919ccd\" data-element_type=\"widget\" data-widget_type=\"text-editor.default\">\n\t\t\t\t<div class=\"elementor-widget-container\">\n\t\t\t\t\t\t\t<p>O Instituto desenvolveu a\u00e7\u00f5es na sua Sede, em Bras\u00edlia\/DF, com o objetivo de fortalecer a integra\u00e7\u00e3o entre a escola e as fam\u00edlias dos alunos matriculados nas escolas p\u00fablicas pr\u00f3ximas. As atividades foram abrangentes e inclu\u00edram rodas de conversa estruturadas para promover a\u00a0comunica\u00e7\u00e3o e o engajamento entre pais e educadores, monitoramento<br \/>cont\u00ednuo do desempenho escolar dos alunos e refor\u00e7o pedag\u00f3gico complementar, com foco em um desenvolvimento integral que englobava aspectos cognitivos, emocionais e sociais.<\/p><p><br \/>Com suporte pedag\u00f3gico especializado, em colabora\u00e7\u00e3o com as escolas, o Instituto implementou uma abordagem sist\u00eamica, que promoveu uma rela\u00e7\u00e3o sin\u00e9rgica entre a institui\u00e7\u00e3o e a comunidade local. O projeto estabeleceu um ciclo cont\u00ednuo de acompanhamento e apoio educacional, fundamentado em metodologias participativas, avalia\u00e7\u00f5es de impacto e estrat\u00e9gias personalizadas para atender \u00e0s necessidades individuais dos estudantes. Este modelo visou n\u00e3o apenas melhorar o desempenho acad\u00eamico, mas tamb\u00e9m fortalecer a rede de suporte ao redor dos alunos, contribuindo para uma experi\u00eancia educacional mais enriquecedora e eficaz.<\/p>\t\t\t\t\t\t<\/div>\n\t\t\t\t<\/div>\n\t\t\t\t\t<\/div>\n\t\t\t\t<\/div>\n\t\t<div class=\"elementor-element elementor-element-15eb7679 e-flex e-con-boxed e-con e-parent\" data-id=\"15eb7679\" data-element_type=\"container\">\n\t\t\t\t\t<div class=\"e-con-inner\">\n\t\t<div class=\"elementor-element elementor-element-7f1ae924 e-con-full e-flex e-con e-child\" data-id=\"7f1ae924\" data-element_type=\"container\">\n\t\t\t\t<div class=\"elementor-element elementor-element-22a1b9f8 elementor-widget elementor-widget-image\" data-id=\"22a1b9f8\" data-element_type=\"widget\" data-widget_type=\"image.default\">\n\t\t\t\t<div class=\"elementor-widget-container\">\n\t\t\t\t\t\t\t\t\t\t\t\t\t<img fetchpriority=\"high\" decoding=\"async\" width=\"434\" height=\"315\" src=\"https:\/\/brasiladentro.org.br\/wp-content\/uploads\/2024\/10\/vinculo-familiar.png\" class=\"attachment-large size-large wp-image-277\" alt=\"\" srcset=\"https:\/\/brasiladentro.org.br\/wp-content\/uploads\/2024\/10\/vinculo-familiar.png 434w, https:\/\/brasiladentro.org.br\/wp-content\/uploads\/2024\/10\/vinculo-familiar-300x218.png 300w\" sizes=\"(max-width: 434px) 100vw, 434px\" \/>\t\t\t\t\t\t\t\t\t\t\t\t\t<\/div>\n\t\t\t\t<\/div>\n\t\t\t\t<\/div>\n\t\t<div class=\"elementor-element elementor-element-623f6970 e-con-full e-flex e-con e-child\" data-id=\"623f6970\" data-element_type=\"container\">\n\t\t\t\t<div class=\"elementor-element elementor-element-609dc6c7 elementor-widget elementor-widget-image\" data-id=\"609dc6c7\" data-element_type=\"widget\" data-widget_type=\"image.default\">\n\t\t\t\t<div class=\"elementor-widget-container\">\n\t\t\t\t\t\t\t\t\t\t\t\t\t<img decoding=\"async\" width=\"434\" height=\"315\" src=\"https:\/\/brasiladentro.org.br\/wp-content\/uploads\/2024\/10\/vinculo-familiar-02.png\" class=\"attachment-large size-large wp-image-276\" alt=\"\" srcset=\"https:\/\/brasiladentro.org.br\/wp-content\/uploads\/2024\/10\/vinculo-familiar-02.png 434w, https:\/\/brasiladentro.org.br\/wp-content\/uploads\/2024\/10\/vinculo-familiar-02-300x218.png 300w\" sizes=\"(max-width: 434px) 100vw, 434px\" \/>\t\t\t\t\t\t\t\t\t\t\t\t\t<\/div>\n\t\t\t\t<\/div>\n\t\t\t\t<\/div>\n\t\t\t\t\t<\/div>\n\t\t\t\t<\/div>\n\t\t\t\t<\/div>\n\t\t","protected":false},"excerpt":{"rendered":"<p>A\u00c7\u00c3O DE FORTALECIMENTO DO V\u00cdNCULO ESCOLA FAM\u00cdLIA NA COMUNIDADE 2016 a 2020 O Instituto desenvolveu a\u00e7\u00f5es na sua Sede, em Bras\u00edlia\/DF, com o objetivo de fortalecer a integra\u00e7\u00e3o entre a escola e as fam\u00edlias dos alunos matriculados nas escolas p\u00fablicas pr\u00f3ximas. As atividades foram abrangentes e inclu\u00edram rodas de conversa estruturadas para promover a\u00a0comunica\u00e7\u00e3o e [&hellip;]<\/p>\n","protected":false},"author":1,"featured_media":277,"parent":0,"menu_order":0,"comment_status":"closed","ping_status":"closed","template":"","meta":{"footnotes":""},"class_list":["post-274","page","type-page","status-publish","has-post-thumbnail","hentry"],"_links":{"self":[{"href":"https:\/\/brasiladentro.org.br\/index.php\/wp-json\/wp\/v2\/pages\/274","targetHints":{"allow":["GET"]}}],"collection":[{"href":"https:\/\/brasiladentro.org.br\/index.php\/wp-json\/wp\/v2\/pages"}],"about":[{"href":"https:\/\/brasiladentro.org.br\/index.php\/wp-json\/wp\/v2\/types\/page"}],"author":[{"embeddable":true,"href":"https:\/\/brasiladentro.org.br\/index.php\/wp-json\/wp\/v2\/users\/1"}],"replies":[{"embeddable":true,"href":"https:\/\/brasiladentro.org.br\/index.php\/wp-json\/wp\/v2\/comments?post=274"}],"version-history":[{"count":4,"href":"https:\/\/brasiladentro.org.br\/index.php\/wp-json\/wp\/v2\/pages\/274\/revisions"}],"predecessor-version":[{"id":280,"href":"https:\/\/brasiladentro.org.br\/index.php\/wp-json\/wp\/v2\/pages\/274\/revisions\/280"}],"wp:featuredmedia":[{"embeddable":true,"href":"https:\/\/brasiladentro.org.br\/index.php\/wp-json\/wp\/v2\/media\/277"}],"wp:attachment":[{"href":"https:\/\/brasiladentro.org.br\/index.php\/wp-json\/wp\/v2\/media?parent=274"}],"curies":[{"name":"wp","href":"https:\/\/api.w.org\/{rel}","templated":true}]}}