{"id":256,"date":"2024-10-21T13:24:44","date_gmt":"2024-10-21T13:24:44","guid":{"rendered":"https:\/\/brasiladentro.org.br\/?page_id=256"},"modified":"2024-10-21T14:23:06","modified_gmt":"2024-10-21T14:23:06","slug":"projeto-lacos-de-amor","status":"publish","type":"page","link":"https:\/\/brasiladentro.org.br\/index.php\/projeto-lacos-de-amor\/","title":{"rendered":"Projeto La\u00e7os de Amor"},"content":{"rendered":"\t\t<div data-elementor-type=\"wp-page\" data-elementor-id=\"256\" class=\"elementor elementor-256\">\n\t\t\t\t<div class=\"elementor-element elementor-element-7665a60c e-flex e-con-boxed e-con e-parent\" data-id=\"7665a60c\" data-element_type=\"container\" data-settings=\"{&quot;background_background&quot;:&quot;classic&quot;,&quot;shape_divider_bottom&quot;:&quot;mountains&quot;}\">\n\t\t\t\t\t<div class=\"e-con-inner\">\n\t\t\t\t<div class=\"elementor-shape elementor-shape-bottom\" data-negative=\"false\">\n\t\t\t<svg xmlns=\"http:\/\/www.w3.org\/2000\/svg\" viewBox=\"0 0 1000 100\" preserveAspectRatio=\"none\">\n\t<path class=\"elementor-shape-fill\" opacity=\"0.33\" d=\"M473,67.3c-203.9,88.3-263.1-34-320.3,0C66,119.1,0,59.7,0,59.7V0h1000v59.7 c0,0-62.1,26.1-94.9,29.3c-32.8,3.3-62.8-12.3-75.8-22.1C806,49.6,745.3,8.7,694.9,4.7S492.4,59,473,67.3z\"\/>\n\t<path class=\"elementor-shape-fill\" opacity=\"0.66\" d=\"M734,67.3c-45.5,0-77.2-23.2-129.1-39.1c-28.6-8.7-150.3-10.1-254,39.1 s-91.7-34.4-149.2,0C115.7,118.3,0,39.8,0,39.8V0h1000v36.5c0,0-28.2-18.5-92.1-18.5C810.2,18.1,775.7,67.3,734,67.3z\"\/>\n\t<path class=\"elementor-shape-fill\" d=\"M766.1,28.9c-200-57.5-266,65.5-395.1,19.5C242,1.8,242,5.4,184.8,20.6C128,35.8,132.3,44.9,89.9,52.5C28.6,63.7,0,0,0,0 h1000c0,0-9.9,40.9-83.6,48.1S829.6,47,766.1,28.9z\"\/>\n<\/svg>\t\t<\/div>\n\t\t\t\t<div class=\"elementor-element elementor-element-26fe198f elementor-widget elementor-widget-heading\" data-id=\"26fe198f\" data-element_type=\"widget\" data-widget_type=\"heading.default\">\n\t\t\t\t<div class=\"elementor-widget-container\">\n\t\t\t<h2 class=\"elementor-heading-title elementor-size-default\">PROJETO LA\u00c7OS DE AMOR<\/h2>\t\t<\/div>\n\t\t\t\t<\/div>\n\t\t\t\t<div class=\"elementor-element elementor-element-3da2ce71 elementor-widget elementor-widget-heading\" data-id=\"3da2ce71\" data-element_type=\"widget\" data-widget_type=\"heading.default\">\n\t\t\t\t<div class=\"elementor-widget-container\">\n\t\t\t<h2 class=\"elementor-heading-title elementor-size-default\">2024<\/h2>\t\t<\/div>\n\t\t\t\t<\/div>\n\t\t\t\t\t<\/div>\n\t\t\t\t<\/div>\n\t\t<div class=\"elementor-element elementor-element-50ad7e7c e-flex e-con-boxed e-con e-parent\" data-id=\"50ad7e7c\" data-element_type=\"container\">\n\t\t\t\t\t<div class=\"e-con-inner\">\n\t\t\t\t<div class=\"elementor-element elementor-element-694ee1f0 elementor-widget elementor-widget-text-editor\" data-id=\"694ee1f0\" data-element_type=\"widget\" data-widget_type=\"text-editor.default\">\n\t\t\t\t<div class=\"elementor-widget-container\">\n\t\t\t\t\t\t\t<p>O Projeto La\u00e7os de Amor foi um evento solid\u00e1rio realizado em maio em Palmas\/TO, com o objetivo de celebrar o m\u00eas das M\u00e3es e promover inclus\u00e3o social. Voltado para m\u00e3es em situa\u00e7\u00e3o de vulnerabilidade econ\u00f4mica e social, o evento ofereceu uma ampla gama de servi\u00e7os e atividades, visando apoiar tanto material quanto emocionalmente as participantes.<\/p><p><br>Entre as iniciativas destacadas, o projeto incluiu oficinas de artesanato e empreendedorismo, proporcionando capacita\u00e7\u00e3o pr\u00e1tica e te\u00f3rica para as m\u00e3es desenvolverem novas habilidades e oportunidades de gera\u00e7\u00e3o de renda. Palestras motivacionais tamb\u00e9m foram realizadas, com o intuito de fortalecer a autoestima e inspirar as participantes a buscarem melhores condi\u00e7\u00f5es de vida.<\/p><p><br>Al\u00e9m do suporte educacional, o evento disponibilizou servi\u00e7os de beleza e sa\u00fade, como corte de cabelo e exames r\u00e1pidos, para promover o bem-estar pessoal das m\u00e3es. Para as crian\u00e7as, foram organizadas atividades recreativas que inclu\u00edam brincadeiras e entretenimento, garantindo que elas tamb\u00e9m fossem beneficiadas.<\/p>\t\t\t\t\t\t<\/div>\n\t\t\t\t<\/div>\n\t\t\t\t\t<\/div>\n\t\t\t\t<\/div>\n\t\t<div class=\"elementor-element elementor-element-41304d8d e-flex e-con-boxed e-con e-parent\" data-id=\"41304d8d\" data-element_type=\"container\">\n\t\t\t\t\t<div class=\"e-con-inner\">\n\t\t<div class=\"elementor-element elementor-element-71952a6 e-con-full e-flex e-con e-child\" data-id=\"71952a6\" data-element_type=\"container\">\n\t\t\t\t<div class=\"elementor-element elementor-element-3dd8bd74 elementor-widget elementor-widget-image\" data-id=\"3dd8bd74\" data-element_type=\"widget\" data-widget_type=\"image.default\">\n\t\t\t\t<div class=\"elementor-widget-container\">\n\t\t\t\t\t\t\t\t\t\t\t\t\t<img fetchpriority=\"high\" decoding=\"async\" width=\"434\" height=\"315\" src=\"https:\/\/brasiladentro.org.br\/wp-content\/uploads\/2024\/10\/lacos-de-amor-02.png\" class=\"attachment-large size-large wp-image-259\" alt=\"\" srcset=\"https:\/\/brasiladentro.org.br\/wp-content\/uploads\/2024\/10\/lacos-de-amor-02.png 434w, https:\/\/brasiladentro.org.br\/wp-content\/uploads\/2024\/10\/lacos-de-amor-02-300x218.png 300w\" sizes=\"(max-width: 434px) 100vw, 434px\" \/>\t\t\t\t\t\t\t\t\t\t\t\t\t<\/div>\n\t\t\t\t<\/div>\n\t\t\t\t<\/div>\n\t\t<div class=\"elementor-element elementor-element-787620be e-con-full e-flex e-con e-child\" data-id=\"787620be\" data-element_type=\"container\">\n\t\t\t\t<div class=\"elementor-element elementor-element-6a4f99d4 elementor-widget elementor-widget-image\" data-id=\"6a4f99d4\" data-element_type=\"widget\" data-widget_type=\"image.default\">\n\t\t\t\t<div class=\"elementor-widget-container\">\n\t\t\t\t\t\t\t\t\t\t\t\t\t<img decoding=\"async\" width=\"434\" height=\"315\" src=\"https:\/\/brasiladentro.org.br\/wp-content\/uploads\/2024\/10\/lacos-de-amor-01.png\" class=\"attachment-large size-large wp-image-258\" alt=\"\" srcset=\"https:\/\/brasiladentro.org.br\/wp-content\/uploads\/2024\/10\/lacos-de-amor-01.png 434w, https:\/\/brasiladentro.org.br\/wp-content\/uploads\/2024\/10\/lacos-de-amor-01-300x218.png 300w\" sizes=\"(max-width: 434px) 100vw, 434px\" \/>\t\t\t\t\t\t\t\t\t\t\t\t\t<\/div>\n\t\t\t\t<\/div>\n\t\t\t\t<\/div>\n\t\t\t\t\t<\/div>\n\t\t\t\t<\/div>\n\t\t\t\t<\/div>\n\t\t","protected":false},"excerpt":{"rendered":"<p>PROJETO LA\u00c7OS DE AMOR 2024 O Projeto La\u00e7os de Amor foi um evento solid\u00e1rio realizado em maio em Palmas\/TO, com o objetivo de celebrar o m\u00eas das M\u00e3es e promover inclus\u00e3o social. Voltado para m\u00e3es em situa\u00e7\u00e3o de vulnerabilidade econ\u00f4mica e social, o evento ofereceu uma ampla gama de servi\u00e7os e atividades, visando apoiar tanto [&hellip;]<\/p>\n","protected":false},"author":1,"featured_media":258,"parent":0,"menu_order":0,"comment_status":"closed","ping_status":"closed","template":"","meta":{"footnotes":""},"class_list":["post-256","page","type-page","status-publish","has-post-thumbnail","hentry"],"_links":{"self":[{"href":"https:\/\/brasiladentro.org.br\/index.php\/wp-json\/wp\/v2\/pages\/256","targetHints":{"allow":["GET"]}}],"collection":[{"href":"https:\/\/brasiladentro.org.br\/index.php\/wp-json\/wp\/v2\/pages"}],"about":[{"href":"https:\/\/brasiladentro.org.br\/index.php\/wp-json\/wp\/v2\/types\/page"}],"author":[{"embeddable":true,"href":"https:\/\/brasiladentro.org.br\/index.php\/wp-json\/wp\/v2\/users\/1"}],"replies":[{"embeddable":true,"href":"https:\/\/brasiladentro.org.br\/index.php\/wp-json\/wp\/v2\/comments?post=256"}],"version-history":[{"count":4,"href":"https:\/\/brasiladentro.org.br\/index.php\/wp-json\/wp\/v2\/pages\/256\/revisions"}],"predecessor-version":[{"id":262,"href":"https:\/\/brasiladentro.org.br\/index.php\/wp-json\/wp\/v2\/pages\/256\/revisions\/262"}],"wp:featuredmedia":[{"embeddable":true,"href":"https:\/\/brasiladentro.org.br\/index.php\/wp-json\/wp\/v2\/media\/258"}],"wp:attachment":[{"href":"https:\/\/brasiladentro.org.br\/index.php\/wp-json\/wp\/v2\/media?parent=256"}],"curies":[{"name":"wp","href":"https:\/\/api.w.org\/{rel}","templated":true}]}}