{"id":215,"date":"2024-10-21T12:56:56","date_gmt":"2024-10-21T12:56:56","guid":{"rendered":"https:\/\/brasiladentro.org.br\/?page_id=215"},"modified":"2024-10-21T14:22:51","modified_gmt":"2024-10-21T14:22:51","slug":"projeto-tecnico-social-pts","status":"publish","type":"page","link":"https:\/\/brasiladentro.org.br\/index.php\/projeto-tecnico-social-pts\/","title":{"rendered":"Projeto T\u00e9cnico Social PTS"},"content":{"rendered":"\t\t<div data-elementor-type=\"wp-page\" data-elementor-id=\"215\" class=\"elementor elementor-215\">\n\t\t\t\t<div class=\"elementor-element elementor-element-9221506 e-flex e-con-boxed e-con e-parent\" data-id=\"9221506\" data-element_type=\"container\" data-settings=\"{&quot;background_background&quot;:&quot;classic&quot;,&quot;shape_divider_bottom&quot;:&quot;mountains&quot;}\">\n\t\t\t\t\t<div class=\"e-con-inner\">\n\t\t\t\t<div class=\"elementor-shape elementor-shape-bottom\" data-negative=\"false\">\n\t\t\t<svg xmlns=\"http:\/\/www.w3.org\/2000\/svg\" viewBox=\"0 0 1000 100\" preserveAspectRatio=\"none\">\n\t<path class=\"elementor-shape-fill\" opacity=\"0.33\" d=\"M473,67.3c-203.9,88.3-263.1-34-320.3,0C66,119.1,0,59.7,0,59.7V0h1000v59.7 c0,0-62.1,26.1-94.9,29.3c-32.8,3.3-62.8-12.3-75.8-22.1C806,49.6,745.3,8.7,694.9,4.7S492.4,59,473,67.3z\"\/>\n\t<path class=\"elementor-shape-fill\" opacity=\"0.66\" d=\"M734,67.3c-45.5,0-77.2-23.2-129.1-39.1c-28.6-8.7-150.3-10.1-254,39.1 s-91.7-34.4-149.2,0C115.7,118.3,0,39.8,0,39.8V0h1000v36.5c0,0-28.2-18.5-92.1-18.5C810.2,18.1,775.7,67.3,734,67.3z\"\/>\n\t<path class=\"elementor-shape-fill\" d=\"M766.1,28.9c-200-57.5-266,65.5-395.1,19.5C242,1.8,242,5.4,184.8,20.6C128,35.8,132.3,44.9,89.9,52.5C28.6,63.7,0,0,0,0 h1000c0,0-9.9,40.9-83.6,48.1S829.6,47,766.1,28.9z\"\/>\n<\/svg>\t\t<\/div>\n\t\t\t\t<div class=\"elementor-element elementor-element-3c78176 elementor-widget elementor-widget-heading\" data-id=\"3c78176\" data-element_type=\"widget\" data-widget_type=\"heading.default\">\n\t\t\t\t<div class=\"elementor-widget-container\">\n\t\t\t<h2 class=\"elementor-heading-title elementor-size-default\">PROJETO T\u00c9CNICO SOCIAL PTS<\/h2>\t\t<\/div>\n\t\t\t\t<\/div>\n\t\t\t\t<div class=\"elementor-element elementor-element-971378f elementor-widget elementor-widget-heading\" data-id=\"971378f\" data-element_type=\"widget\" data-widget_type=\"heading.default\">\n\t\t\t\t<div class=\"elementor-widget-container\">\n\t\t\t<h2 class=\"elementor-heading-title elementor-size-default\">2020 a 2023<\/h2>\t\t<\/div>\n\t\t\t\t<\/div>\n\t\t\t\t\t<\/div>\n\t\t\t\t<\/div>\n\t\t<div class=\"elementor-element elementor-element-2792865 e-flex e-con-boxed e-con e-parent\" data-id=\"2792865\" data-element_type=\"container\">\n\t\t\t\t\t<div class=\"e-con-inner\">\n\t\t\t\t<div class=\"elementor-element elementor-element-c008533 elementor-widget elementor-widget-text-editor\" data-id=\"c008533\" data-element_type=\"widget\" data-widget_type=\"text-editor.default\">\n\t\t\t\t<div class=\"elementor-widget-container\">\n\t\t\t\t\t\t\t<p>O Projeto T\u00e9cnico Social (PTS) prestou atendimento abrangente a 1.904 fam\u00edlias residentes nas unidades habitacionais verticalizadas do Empreendimento Crix\u00e1, localizado na Administra\u00e7\u00e3o de S\u00e3o Sebasti\u00e3o, Bras\u00edlia\/DF. Esta iniciativa foi realizada em parceria com a Companhia de Desenvolvimento Habitacional (CODHAB-DF) e a CAIXA.<\/p><p><br \/>O PTS englobou uma s\u00e9rie de a\u00e7\u00f5es estrat\u00e9gicas, incluindo sensibiliza\u00e7\u00e3o comunit\u00e1ria, atendimento psicossocial atrav\u00e9s do Plant\u00e3o Social, e atividades recreativas e de mobiliza\u00e7\u00e3o. A capacita\u00e7\u00e3o da popula\u00e7\u00e3o tamb\u00e9m foi uma parte fundamental do projeto, visando a melhoria das condi\u00e7\u00f5es de vida e a promo\u00e7\u00e3o da sustentabilidade por meio de um processo participativo.<\/p><p><br \/>A equipe do Instituto, composta por profissionais altamente qualificados e experientes, executou as atividades do projeto com um alto padr\u00e3o de qualidade e efici\u00eancia. As a\u00e7\u00f5es foram implementadas com sucesso, garantindo que os objetivos de melhoria das condi\u00e7\u00f5es de vida e engajamento comunit\u00e1rio fossem alcan\u00e7ados de maneira eficaz.<\/p>\t\t\t\t\t\t<\/div>\n\t\t\t\t<\/div>\n\t\t\t\t\t<\/div>\n\t\t\t\t<\/div>\n\t\t<div class=\"elementor-element elementor-element-3e13130 e-flex e-con-boxed e-con e-parent\" data-id=\"3e13130\" data-element_type=\"container\">\n\t\t\t\t\t<div class=\"e-con-inner\">\n\t\t<div class=\"elementor-element elementor-element-29d137a e-con-full e-flex e-con e-child\" data-id=\"29d137a\" data-element_type=\"container\">\n\t\t\t\t<div class=\"elementor-element elementor-element-f5e1488 elementor-widget elementor-widget-image\" data-id=\"f5e1488\" data-element_type=\"widget\" data-widget_type=\"image.default\">\n\t\t\t\t<div class=\"elementor-widget-container\">\n\t\t\t\t\t\t\t\t\t\t\t\t\t<img fetchpriority=\"high\" decoding=\"async\" width=\"434\" height=\"315\" src=\"https:\/\/brasiladentro.org.br\/wp-content\/uploads\/2024\/10\/caixa-pts.png\" class=\"attachment-large size-large wp-image-224\" alt=\"\" srcset=\"https:\/\/brasiladentro.org.br\/wp-content\/uploads\/2024\/10\/caixa-pts.png 434w, https:\/\/brasiladentro.org.br\/wp-content\/uploads\/2024\/10\/caixa-pts-300x218.png 300w\" sizes=\"(max-width: 434px) 100vw, 434px\" \/>\t\t\t\t\t\t\t\t\t\t\t\t\t<\/div>\n\t\t\t\t<\/div>\n\t\t\t\t<\/div>\n\t\t<div class=\"elementor-element elementor-element-65aa94e e-con-full e-flex e-con e-child\" data-id=\"65aa94e\" data-element_type=\"container\">\n\t\t\t\t<div class=\"elementor-element elementor-element-8631087 elementor-widget elementor-widget-image\" data-id=\"8631087\" data-element_type=\"widget\" data-widget_type=\"image.default\">\n\t\t\t\t<div class=\"elementor-widget-container\">\n\t\t\t\t\t\t\t\t\t\t\t\t\t<img decoding=\"async\" width=\"434\" height=\"315\" src=\"https:\/\/brasiladentro.org.br\/wp-content\/uploads\/2024\/10\/caixa-pts-2-1.png\" class=\"attachment-large size-large wp-image-226\" alt=\"\" srcset=\"https:\/\/brasiladentro.org.br\/wp-content\/uploads\/2024\/10\/caixa-pts-2-1.png 434w, https:\/\/brasiladentro.org.br\/wp-content\/uploads\/2024\/10\/caixa-pts-2-1-300x218.png 300w\" sizes=\"(max-width: 434px) 100vw, 434px\" \/>\t\t\t\t\t\t\t\t\t\t\t\t\t<\/div>\n\t\t\t\t<\/div>\n\t\t\t\t<\/div>\n\t\t\t\t\t<\/div>\n\t\t\t\t<\/div>\n\t\t\t\t<\/div>\n\t\t","protected":false},"excerpt":{"rendered":"<p>PROJETO T\u00c9CNICO SOCIAL PTS 2020 a 2023 O Projeto T\u00e9cnico Social (PTS) prestou atendimento abrangente a 1.904 fam\u00edlias residentes nas unidades habitacionais verticalizadas do Empreendimento Crix\u00e1, localizado na Administra\u00e7\u00e3o de S\u00e3o Sebasti\u00e3o, Bras\u00edlia\/DF. Esta iniciativa foi realizada em parceria com a Companhia de Desenvolvimento Habitacional (CODHAB-DF) e a CAIXA. O PTS englobou uma s\u00e9rie de [&hellip;]<\/p>\n","protected":false},"author":1,"featured_media":224,"parent":0,"menu_order":0,"comment_status":"closed","ping_status":"closed","template":"","meta":{"footnotes":""},"class_list":["post-215","page","type-page","status-publish","has-post-thumbnail","hentry"],"_links":{"self":[{"href":"https:\/\/brasiladentro.org.br\/index.php\/wp-json\/wp\/v2\/pages\/215","targetHints":{"allow":["GET"]}}],"collection":[{"href":"https:\/\/brasiladentro.org.br\/index.php\/wp-json\/wp\/v2\/pages"}],"about":[{"href":"https:\/\/brasiladentro.org.br\/index.php\/wp-json\/wp\/v2\/types\/page"}],"author":[{"embeddable":true,"href":"https:\/\/brasiladentro.org.br\/index.php\/wp-json\/wp\/v2\/users\/1"}],"replies":[{"embeddable":true,"href":"https:\/\/brasiladentro.org.br\/index.php\/wp-json\/wp\/v2\/comments?post=215"}],"version-history":[{"count":16,"href":"https:\/\/brasiladentro.org.br\/index.php\/wp-json\/wp\/v2\/pages\/215\/revisions"}],"predecessor-version":[{"id":238,"href":"https:\/\/brasiladentro.org.br\/index.php\/wp-json\/wp\/v2\/pages\/215\/revisions\/238"}],"wp:featuredmedia":[{"embeddable":true,"href":"https:\/\/brasiladentro.org.br\/index.php\/wp-json\/wp\/v2\/media\/224"}],"wp:attachment":[{"href":"https:\/\/brasiladentro.org.br\/index.php\/wp-json\/wp\/v2\/media?parent=215"}],"curies":[{"name":"wp","href":"https:\/\/api.w.org\/{rel}","templated":true}]}}